{"id":127,"date":"2021-12-14T20:52:31","date_gmt":"2021-12-14T19:52:31","guid":{"rendered":"http:\/\/localhost\/noocnikpaints\/?page_id=127"},"modified":"2022-02-12T20:07:32","modified_gmt":"2022-02-12T19:07:32","slug":"jak-wyglada-wspolpraca-ze-mna","status":"publish","type":"page","link":"https:\/\/noocnikpaints.com\/en\/jak-wyglada-wspolpraca-ze-mna\/","title":{"rendered":"What does working with me look like?"},"content":{"rendered":"<div class=\"wp-block-image is-style-rounded\"><figure class=\"aligncenter size-large is-resized\"><img decoding=\"async\" data-attachment-id=\"167\" data-permalink=\"https:\/\/noocnikpaints.com\/en\/img_20210620_004432-01-4\/\" data-orig-file=\"https:\/\/noocnikpaints.com\/wp-content\/uploads\/2022\/02\/IMG_20210620_004432-01-edited-2.jpeg?v=1683805851\" data-orig-size=\"1351,760\" data-comments-opened=\"1\" data-image-meta=\"{&quot;aperture&quot;:&quot;0&quot;,&quot;credit&quot;:&quot;&quot;,&quot;camera&quot;:&quot;&quot;,&quot;caption&quot;:&quot;&quot;,&quot;created_timestamp&quot;:&quot;0&quot;,&quot;copyright&quot;:&quot;&quot;,&quot;focal_length&quot;:&quot;0&quot;,&quot;iso&quot;:&quot;0&quot;,&quot;shutter_speed&quot;:&quot;0&quot;,&quot;title&quot;:&quot;&quot;,&quot;orientation&quot;:&quot;0&quot;}\" data-image-title=\"IMG_20210620_004432-01\" data-image-description=\"\" data-image-caption=\"\" data-large-file=\"https:\/\/noocnikpaints.com\/wp-content\/uploads\/2022\/02\/IMG_20210620_004432-01-edited-2-1024x576.jpeg?v=1683805851\" src=\"http:\/\/noocnikpaints.com\/wp-content\/uploads\/2022\/02\/IMG_20210620_004432-01-edited-2.jpeg\" alt=\"\" class=\"wp-image-167\" width=\"768\" srcset=\"https:\/\/noocnikpaints.com\/wp-content\/uploads\/2022\/02\/IMG_20210620_004432-01-edited-2.jpeg?v=1683805851 1351w, https:\/\/noocnikpaints.com\/wp-content\/uploads\/2022\/02\/IMG_20210620_004432-01-edited-2-300x169.jpeg?v=1683805851 300w, https:\/\/noocnikpaints.com\/wp-content\/uploads\/2022\/02\/IMG_20210620_004432-01-edited-2-1024x576.jpeg?v=1683805851 1024w, https:\/\/noocnikpaints.com\/wp-content\/uploads\/2022\/02\/IMG_20210620_004432-01-edited-2-768x432.jpeg?v=1683805851 768w, https:\/\/noocnikpaints.com\/wp-content\/uploads\/2022\/02\/IMG_20210620_004432-01-edited-2-18x10.jpeg?v=1683805851 18w\" sizes=\"(max-width: 1351px) 100vw, 1351px\" \/><\/figure><\/div>\n\n\n\n<div class=\"wp-block-columns is-layout-flex wp-container-core-columns-is-layout-9d6595d7 wp-block-columns-is-layout-flex\">\n<div class=\"wp-block-column is-layout-flow wp-block-column-is-layout-flow\" style=\"flex-basis:25%\"><\/div>\n\n\n\n<div class=\"wp-block-column is-layout-flow wp-block-column-is-layout-flow\" style=\"flex-basis:90%\">\n<p><\/p>\n\n\n\n<p>You surely have many questions related to the process of cooperation with me, as your \"Court painter\" or \"Brush for rent\" (if you prefer :)). So I will try to briefly discuss the whole process step by step here - from the inquiry to the receipt of painted figures:<\/p>\n\n\n\n<p><\/p>\n\n\n\n<div class=\"wp-block-columns is-layout-flex wp-container-core-columns-is-layout-9d6595d7 wp-block-columns-is-layout-flex\">\n<div class=\"wp-block-column is-layout-flow wp-block-column-is-layout-flow\" style=\"flex-basis:33.33%\">\n<figure class=\"wp-block-image size-full is-style-rounded\"><img decoding=\"async\" width=\"814\" height=\"814\" data-attachment-id=\"185\" data-permalink=\"https:\/\/noocnikpaints.com\/en\/1631293039561-01-4\/\" data-orig-file=\"https:\/\/noocnikpaints.com\/wp-content\/uploads\/2022\/02\/1631293039561-01-edited-2.jpeg?v=1683805844\" data-orig-size=\"814,814\" data-comments-opened=\"1\" data-image-meta=\"{&quot;aperture&quot;:&quot;0&quot;,&quot;credit&quot;:&quot;&quot;,&quot;camera&quot;:&quot;&quot;,&quot;caption&quot;:&quot;&quot;,&quot;created_timestamp&quot;:&quot;0&quot;,&quot;copyright&quot;:&quot;&quot;,&quot;focal_length&quot;:&quot;0&quot;,&quot;iso&quot;:&quot;0&quot;,&quot;shutter_speed&quot;:&quot;0&quot;,&quot;title&quot;:&quot;&quot;,&quot;orientation&quot;:&quot;0&quot;}\" data-image-title=\"1631293039561-01\" data-image-description=\"\" data-image-caption=\"\" data-large-file=\"https:\/\/noocnikpaints.com\/wp-content\/uploads\/2022\/02\/1631293039561-01-edited-2.jpeg?v=1683805844\" src=\"http:\/\/noocnikpaints.com\/wp-content\/uploads\/2022\/02\/1631293039561-01-edited-2.jpeg\" alt=\"\" class=\"wp-image-185\" srcset=\"https:\/\/noocnikpaints.com\/wp-content\/uploads\/2022\/02\/1631293039561-01-edited-2.jpeg?v=1683805844 814w, https:\/\/noocnikpaints.com\/wp-content\/uploads\/2022\/02\/1631293039561-01-edited-2-300x300.jpeg?v=1683805844 300w, https:\/\/noocnikpaints.com\/wp-content\/uploads\/2022\/02\/1631293039561-01-edited-2-150x150.jpeg?v=1683805844 150w, https:\/\/noocnikpaints.com\/wp-content\/uploads\/2022\/02\/1631293039561-01-edited-2-768x768.jpeg?v=1683805844 768w, https:\/\/noocnikpaints.com\/wp-content\/uploads\/2022\/02\/1631293039561-01-edited-2-12x12.jpeg?v=1683805844 12w, https:\/\/noocnikpaints.com\/wp-content\/uploads\/2022\/02\/1631293039561-01-edited-2-508x508.jpeg?v=1683805844 508w\" sizes=\"(max-width: 814px) 100vw, 814px\" \/><\/figure>\n<\/div>\n\n\n\n<div class=\"wp-block-column is-layout-flow wp-block-column-is-layout-flow\" style=\"flex-basis:66.66%\">\n<h4 class=\"wp-block-heading\" id=\"1-zapytanie\">1. Inquiry<\/h4>\n\n\n\n<p>At this stage, you sent me a message with a brief overview of the topic and the main aspects of your project, requesting a quote.<\/p>\n<\/div>\n<\/div>\n\n\n\n<div class=\"wp-block-columns is-layout-flex wp-container-core-columns-is-layout-9d6595d7 wp-block-columns-is-layout-flex\">\n<div class=\"wp-block-column is-layout-flow wp-block-column-is-layout-flow\" style=\"flex-basis:66.66%\">\n<h4 class=\"wp-block-heading\" id=\"2-przygotowanie-wyceny\">2. Preparation of the appraisal<\/h4>\n\n\n\n<p>After reading the message from you, I proceed to analyze all the information received regarding your project. If I deem it necessary, I will contact you for additional details. <\/p>\n\n\n\n<p>After clarifying them, you will receive a quote from me along with a short summary of the work related to your order and a request for confirmation if you want to continue our cooperation.  <\/p>\n<\/div>\n\n\n\n<div class=\"wp-block-column is-layout-flow wp-block-column-is-layout-flow\" style=\"flex-basis:33.33%\">\n<figure class=\"wp-block-image size-full is-style-rounded\"><img decoding=\"async\" width=\"701\" height=\"701\" data-attachment-id=\"188\" data-permalink=\"https:\/\/noocnikpaints.com\/en\/1631293875040-01-2\/\" data-orig-file=\"https:\/\/noocnikpaints.com\/wp-content\/uploads\/2022\/02\/1631293875040-01-edited.jpeg?v=1683805841\" data-orig-size=\"701,701\" data-comments-opened=\"1\" data-image-meta=\"{&quot;aperture&quot;:&quot;0&quot;,&quot;credit&quot;:&quot;&quot;,&quot;camera&quot;:&quot;&quot;,&quot;caption&quot;:&quot;&quot;,&quot;created_timestamp&quot;:&quot;0&quot;,&quot;copyright&quot;:&quot;&quot;,&quot;focal_length&quot;:&quot;0&quot;,&quot;iso&quot;:&quot;0&quot;,&quot;shutter_speed&quot;:&quot;0&quot;,&quot;title&quot;:&quot;&quot;,&quot;orientation&quot;:&quot;0&quot;}\" data-image-title=\"1631293875040-01\" data-image-description=\"\" data-image-caption=\"\" data-large-file=\"https:\/\/noocnikpaints.com\/wp-content\/uploads\/2022\/02\/1631293875040-01-edited.jpeg?v=1683805841\" src=\"http:\/\/noocnikpaints.com\/wp-content\/uploads\/2022\/02\/1631293875040-01-edited.jpeg\" alt=\"\" class=\"wp-image-188\" srcset=\"https:\/\/noocnikpaints.com\/wp-content\/uploads\/2022\/02\/1631293875040-01-edited.jpeg?v=1683805841 701w, https:\/\/noocnikpaints.com\/wp-content\/uploads\/2022\/02\/1631293875040-01-edited-300x300.jpeg?v=1683805841 300w, https:\/\/noocnikpaints.com\/wp-content\/uploads\/2022\/02\/1631293875040-01-edited-150x150.jpeg?v=1683805841 150w, https:\/\/noocnikpaints.com\/wp-content\/uploads\/2022\/02\/1631293875040-01-edited-12x12.jpeg?v=1683805841 12w, https:\/\/noocnikpaints.com\/wp-content\/uploads\/2022\/02\/1631293875040-01-edited-508x508.jpeg?v=1683805841 508w\" sizes=\"(max-width: 701px) 100vw, 701px\" \/><\/figure>\n<\/div>\n<\/div>\n\n\n\n<div class=\"wp-block-columns is-layout-flex wp-container-core-columns-is-layout-9d6595d7 wp-block-columns-is-layout-flex\">\n<div class=\"wp-block-column is-layout-flow wp-block-column-is-layout-flow\" style=\"flex-basis:33.33%\">\n<figure class=\"wp-block-image size-full is-style-rounded\"><img decoding=\"async\" width=\"706\" height=\"706\" data-attachment-id=\"190\" data-permalink=\"https:\/\/noocnikpaints.com\/en\/1631295011744-01-2\/\" data-orig-file=\"https:\/\/noocnikpaints.com\/wp-content\/uploads\/2022\/02\/1631295011744-01-edited.jpeg?v=1683805839\" data-orig-size=\"706,706\" data-comments-opened=\"1\" data-image-meta=\"{&quot;aperture&quot;:&quot;0&quot;,&quot;credit&quot;:&quot;&quot;,&quot;camera&quot;:&quot;&quot;,&quot;caption&quot;:&quot;&quot;,&quot;created_timestamp&quot;:&quot;0&quot;,&quot;copyright&quot;:&quot;&quot;,&quot;focal_length&quot;:&quot;0&quot;,&quot;iso&quot;:&quot;0&quot;,&quot;shutter_speed&quot;:&quot;0&quot;,&quot;title&quot;:&quot;&quot;,&quot;orientation&quot;:&quot;0&quot;}\" data-image-title=\"1631295011744-01\" data-image-description=\"\" data-image-caption=\"\" data-large-file=\"https:\/\/noocnikpaints.com\/wp-content\/uploads\/2022\/02\/1631295011744-01-edited.jpeg?v=1683805839\" src=\"http:\/\/noocnikpaints.com\/wp-content\/uploads\/2022\/02\/1631295011744-01-edited.jpeg\" alt=\"\" class=\"wp-image-190\" srcset=\"https:\/\/noocnikpaints.com\/wp-content\/uploads\/2022\/02\/1631295011744-01-edited.jpeg?v=1683805839 706w, https:\/\/noocnikpaints.com\/wp-content\/uploads\/2022\/02\/1631295011744-01-edited-300x300.jpeg?v=1683805839 300w, https:\/\/noocnikpaints.com\/wp-content\/uploads\/2022\/02\/1631295011744-01-edited-150x150.jpeg?v=1683805839 150w, https:\/\/noocnikpaints.com\/wp-content\/uploads\/2022\/02\/1631295011744-01-edited-12x12.jpeg?v=1683805839 12w, https:\/\/noocnikpaints.com\/wp-content\/uploads\/2022\/02\/1631295011744-01-edited-508x508.jpeg?v=1683805839 508w\" sizes=\"(max-width: 706px) 100vw, 706px\" \/><\/figure>\n<\/div>\n\n\n\n<div class=\"wp-block-column is-layout-flow wp-block-column-is-layout-flow\" style=\"flex-basis:66.66%\">\n<h4 class=\"wp-block-heading\" id=\"3-uzgodnienie-terminow\">3. Agreeing the dates<\/h4>\n\n\n\n<p>Very pleased that the valuation coincides with the budget you have planned for your project, I am agreeing with you the date when I can start working on the order and the estimated time needed to complete it.<\/p>\n\n\n\n<p>You can book the date in two ways:<\/p>\n\n\n\n<ol class=\"wp-block-list\"><li>Send me the models right away, mentioning the tracking number for the package with them.<\/li><li>Make a prepayment to my account in the amount of min. 15% of the agreed order value.<\/li><\/ol>\n\n\n\n<p>Regardless of the chosen form of booking the date - both of them are honored by me in the same way, so the decision on which booking option will be more convenient is up to you.<\/p>\n<\/div>\n<\/div>\n\n\n\n<div class=\"wp-block-columns is-layout-flex wp-container-core-columns-is-layout-9d6595d7 wp-block-columns-is-layout-flex\">\n<div class=\"wp-block-column is-layout-flow wp-block-column-is-layout-flow\" style=\"flex-basis:66.66%\">\n<h4 class=\"wp-block-heading\" id=\"4-przygoda-sie-zaczyna\">4. The adventure begins<\/h4>\n\n\n\n<p>The deadline for starting work on your order is approaching, so you send me all your models (folded or not) that I have to deal with for you.<\/p>\n<\/div>\n\n\n\n<div class=\"wp-block-column is-layout-flow wp-block-column-is-layout-flow\" style=\"flex-basis:33.33%\">\n<figure class=\"wp-block-image size-full is-style-rounded\"><img decoding=\"async\" width=\"707\" height=\"707\" data-attachment-id=\"192\" data-permalink=\"https:\/\/noocnikpaints.com\/en\/1631295505917-01-2\/\" data-orig-file=\"https:\/\/noocnikpaints.com\/wp-content\/uploads\/2022\/02\/1631295505917-01-edited.jpeg?v=1683805836\" data-orig-size=\"707,707\" data-comments-opened=\"1\" data-image-meta=\"{&quot;aperture&quot;:&quot;0&quot;,&quot;credit&quot;:&quot;&quot;,&quot;camera&quot;:&quot;&quot;,&quot;caption&quot;:&quot;&quot;,&quot;created_timestamp&quot;:&quot;0&quot;,&quot;copyright&quot;:&quot;&quot;,&quot;focal_length&quot;:&quot;0&quot;,&quot;iso&quot;:&quot;0&quot;,&quot;shutter_speed&quot;:&quot;0&quot;,&quot;title&quot;:&quot;&quot;,&quot;orientation&quot;:&quot;0&quot;}\" data-image-title=\"1631295505917-01\" data-image-description=\"\" data-image-caption=\"\" data-large-file=\"https:\/\/noocnikpaints.com\/wp-content\/uploads\/2022\/02\/1631295505917-01-edited.jpeg?v=1683805836\" src=\"http:\/\/noocnikpaints.com\/wp-content\/uploads\/2022\/02\/1631295505917-01-edited.jpeg\" alt=\"\" class=\"wp-image-192\" srcset=\"https:\/\/noocnikpaints.com\/wp-content\/uploads\/2022\/02\/1631295505917-01-edited.jpeg?v=1683805836 707w, https:\/\/noocnikpaints.com\/wp-content\/uploads\/2022\/02\/1631295505917-01-edited-300x300.jpeg?v=1683805836 300w, https:\/\/noocnikpaints.com\/wp-content\/uploads\/2022\/02\/1631295505917-01-edited-150x150.jpeg?v=1683805836 150w, https:\/\/noocnikpaints.com\/wp-content\/uploads\/2022\/02\/1631295505917-01-edited-12x12.jpeg?v=1683805836 12w, https:\/\/noocnikpaints.com\/wp-content\/uploads\/2022\/02\/1631295505917-01-edited-508x508.jpeg?v=1683805836 508w\" sizes=\"(max-width: 707px) 100vw, 707px\" \/><\/figure>\n<\/div>\n<\/div>\n\n\n\n<div class=\"wp-block-columns is-layout-flex wp-container-core-columns-is-layout-9d6595d7 wp-block-columns-is-layout-flex\">\n<div class=\"wp-block-column is-layout-flow wp-block-column-is-layout-flow\" style=\"flex-basis:33.33%\">\n<figure class=\"wp-block-image size-full is-style-rounded\"><img decoding=\"async\" width=\"706\" height=\"706\" data-attachment-id=\"194\" data-permalink=\"https:\/\/noocnikpaints.com\/en\/1631294612798-01-2\/\" data-orig-file=\"https:\/\/noocnikpaints.com\/wp-content\/uploads\/2022\/02\/1631294612798-01-edited.jpeg?v=1683805833\" data-orig-size=\"706,706\" data-comments-opened=\"1\" data-image-meta=\"{&quot;aperture&quot;:&quot;0&quot;,&quot;credit&quot;:&quot;&quot;,&quot;camera&quot;:&quot;&quot;,&quot;caption&quot;:&quot;&quot;,&quot;created_timestamp&quot;:&quot;0&quot;,&quot;copyright&quot;:&quot;&quot;,&quot;focal_length&quot;:&quot;0&quot;,&quot;iso&quot;:&quot;0&quot;,&quot;shutter_speed&quot;:&quot;0&quot;,&quot;title&quot;:&quot;&quot;,&quot;orientation&quot;:&quot;0&quot;}\" data-image-title=\"1631294612798-01\" data-image-description=\"\" data-image-caption=\"\" data-large-file=\"https:\/\/noocnikpaints.com\/wp-content\/uploads\/2022\/02\/1631294612798-01-edited.jpeg?v=1683805833\" src=\"http:\/\/noocnikpaints.com\/wp-content\/uploads\/2022\/02\/1631294612798-01-edited.jpeg\" alt=\"\" class=\"wp-image-194\" srcset=\"https:\/\/noocnikpaints.com\/wp-content\/uploads\/2022\/02\/1631294612798-01-edited.jpeg?v=1683805833 706w, https:\/\/noocnikpaints.com\/wp-content\/uploads\/2022\/02\/1631294612798-01-edited-300x300.jpeg?v=1683805833 300w, https:\/\/noocnikpaints.com\/wp-content\/uploads\/2022\/02\/1631294612798-01-edited-150x150.jpeg?v=1683805833 150w, https:\/\/noocnikpaints.com\/wp-content\/uploads\/2022\/02\/1631294612798-01-edited-12x12.jpeg?v=1683805833 12w, https:\/\/noocnikpaints.com\/wp-content\/uploads\/2022\/02\/1631294612798-01-edited-508x508.jpeg?v=1683805833 508w\" sizes=\"(max-width: 706px) 100vw, 706px\" \/><\/figure>\n<\/div>\n\n\n\n<div class=\"wp-block-column is-layout-flow wp-block-column-is-layout-flow\" style=\"flex-basis:66.66%\">\n<h4 class=\"wp-block-heading\" id=\"5-rozpoczecie-pracy\">5. Getting started<\/h4>\n\n\n\n<p>During this time, I clean, assemble, paint, pamper your figures so that they look exactly as you dreamed and as we agreed.<\/p>\n<\/div>\n<\/div>\n\n\n\n<div class=\"wp-block-columns is-layout-flex wp-container-core-columns-is-layout-9d6595d7 wp-block-columns-is-layout-flex\">\n<div class=\"wp-block-column is-layout-flow wp-block-column-is-layout-flow\" style=\"flex-basis:66.66%\">\n<h4 class=\"wp-block-heading\" id=\"6-zakonczenie-zlecenia\">6. Completion of the order<\/h4>\n\n\n\n<p>When the painting and modeling works are finished, I send you complete photo documentation for approval. <\/p>\n\n\n\n<p>If everything is exactly as it was, or even better than you wanted, you pay the remainder of the agreed amount to the given account. <\/p>\n\n\n\n<p>After the payment is recorded, all models are carefully secured and packed for shipment. <\/p>\n\n\n\n<p>I will inform you about the shipment in a separate message.<\/p>\n\n\n\n<p>I will be very obliged if, upon receipt, you will send me a short message, whether the models are okay and what impression they made on you after unpacking \ud83d\ude00 <\/p>\n<\/div>\n\n\n\n<div class=\"wp-block-column is-layout-flow wp-block-column-is-layout-flow\" style=\"flex-basis:33.33%\"><\/div>\n<\/div>\n<\/div>\n\n\n\n<div class=\"wp-block-column is-layout-flow wp-block-column-is-layout-flow\" style=\"flex-basis:25%\"><\/div>\n<\/div>\n\n\n\n<div class=\"wp-block-columns is-layout-flex wp-container-core-columns-is-layout-9d6595d7 wp-block-columns-is-layout-flex\">\n<div class=\"wp-block-column is-layout-flow wp-block-column-is-layout-flow\" style=\"flex-basis:25%\"><\/div>\n\n\n\n<div class=\"wp-block-column is-layout-flow wp-block-column-is-layout-flow\" style=\"flex-basis:90%\">\n<div class=\"wp-block-image is-style-rounded\"><figure class=\"aligncenter size-full is-resized\"><img decoding=\"async\" data-attachment-id=\"196\" data-permalink=\"https:\/\/noocnikpaints.com\/en\/1631295941384-01-2\/\" data-orig-file=\"https:\/\/noocnikpaints.com\/wp-content\/uploads\/2022\/02\/1631295941384-01-edited.jpeg?v=1683805831\" data-orig-size=\"955,537\" data-comments-opened=\"1\" data-image-meta=\"{&quot;aperture&quot;:&quot;0&quot;,&quot;credit&quot;:&quot;&quot;,&quot;camera&quot;:&quot;&quot;,&quot;caption&quot;:&quot;&quot;,&quot;created_timestamp&quot;:&quot;0&quot;,&quot;copyright&quot;:&quot;&quot;,&quot;focal_length&quot;:&quot;0&quot;,&quot;iso&quot;:&quot;0&quot;,&quot;shutter_speed&quot;:&quot;0&quot;,&quot;title&quot;:&quot;&quot;,&quot;orientation&quot;:&quot;0&quot;}\" data-image-title=\"1631295941384-01\" data-image-description=\"\" data-image-caption=\"\" data-large-file=\"https:\/\/noocnikpaints.com\/wp-content\/uploads\/2022\/02\/1631295941384-01-edited.jpeg?v=1683805831\" src=\"http:\/\/noocnikpaints.com\/wp-content\/uploads\/2022\/02\/1631295941384-01-edited.jpeg\" alt=\"\" class=\"wp-image-196\" width=\"716\" srcset=\"https:\/\/noocnikpaints.com\/wp-content\/uploads\/2022\/02\/1631295941384-01-edited.jpeg?v=1683805831 955w, https:\/\/noocnikpaints.com\/wp-content\/uploads\/2022\/02\/1631295941384-01-edited-300x169.jpeg?v=1683805831 300w, https:\/\/noocnikpaints.com\/wp-content\/uploads\/2022\/02\/1631295941384-01-edited-768x432.jpeg?v=1683805831 768w, https:\/\/noocnikpaints.com\/wp-content\/uploads\/2022\/02\/1631295941384-01-edited-18x10.jpeg?v=1683805831 18w\" sizes=\"(max-width: 955px) 100vw, 955px\" \/><\/figure><\/div>\n\n\n\n<p>Now that you know how easy it is to cooperate with me, please send me your project for a quote. Within two working days you will receive a reply from me:<\/p>\n<\/div>\n\n\n\n<div class=\"wp-block-column is-layout-flow wp-block-column-is-layout-flow\" style=\"flex-basis:25%\"><\/div>\n<\/div>\n\n\n\n<div class=\"wp-block-columns is-layout-flex wp-container-core-columns-is-layout-9d6595d7 wp-block-columns-is-layout-flex\">\n<div class=\"wp-block-column is-layout-flow wp-block-column-is-layout-flow\"><\/div>\n\n\n\n<div class=\"wp-block-column is-layout-flow wp-block-column-is-layout-flow\">\n<a class=\"button has-text-align-center\" style=\"font-size: 1.555rem;\" href=\"http:\/\/noocnikpaints.com\/en\/kontakt\/\" data-type=\"page\" data-id=\"34\">Get a quote!<\/a>\n<\/div>\n\n\n\n<div class=\"wp-block-column is-layout-flow wp-block-column-is-layout-flow\"><\/div>\n<\/div>","protected":false},"excerpt":{"rendered":"<p>Na pewno masz wiele pyta\u0144 zwi\u0105zanych z tym, jak wygl\u0105da proces wsp\u00f3\u0142pracy ze mn\u0105, jako Twoim &#8222;Nadwornym malarzem&#8221; lub &#8222;P\u0119dzlem<\/p>\n<p><a href=\"https:\/\/noocnikpaints.com\/en\/jak-wyglada-wspolpraca-ze-mna\/\" class=\"more-link\">Continue reading<span class=\"screen-reader-text\">What does working with me look like?<\/span><\/a><\/p>","protected":false},"author":1,"featured_media":0,"parent":0,"menu_order":0,"comment_status":"closed","ping_status":"closed","template":"","meta":{"pgc_sgb_lightbox_settings":"","footnotes":""},"class_list":["post-127","page","type-page","status-publish","hentry"],"aioseo_notices":[],"jetpack-related-posts":[{"id":18,"url":"https:\/\/noocnikpaints.com\/en\/kim-jestem\/","url_meta":{"origin":127,"position":0},"title":"About me","author":"noocnikpaints","date":"3 October 2021","format":false,"excerpt":"Witaj! Jestem \u0141ukasz. Malowanie figurek do gier bitewnych i planszowych to moja pasja, w kt\u00f3rej od 2016 roku dzia\u0142am profesjonalnie. W ci\u0105gu tych lat moje umiej\u0119tno\u015bci i warsztat znacz\u0105co si\u0119 rozwin\u0119\u0142y, co pozwala mi tworzy\u0107 wyj\u0105tkowe dzie\u0142a. Je\u017celi brakuje Ci czasu lub zapa\u0142u, aby samodzielnie pomalowa\u0107 figurki do ulubionych gier,\u2026","rel":"","context":"Similar post","block_context":{"text":"Similar post","link":""},"img":{"alt_text":"","src":"https:\/\/i0.wp.com\/noocnikpaints.com\/wp-content\/uploads\/2022\/02\/IMG_20210910_105643_797.jpg?resize=350%2C200&ssl=1","width":350,"height":200,"srcset":"https:\/\/i0.wp.com\/noocnikpaints.com\/wp-content\/uploads\/2022\/02\/IMG_20210910_105643_797.jpg?resize=350%2C200&ssl=1 1x, https:\/\/i0.wp.com\/noocnikpaints.com\/wp-content\/uploads\/2022\/02\/IMG_20210910_105643_797.jpg?resize=525%2C300&ssl=1 1.5x, https:\/\/i0.wp.com\/noocnikpaints.com\/wp-content\/uploads\/2022\/02\/IMG_20210910_105643_797.jpg?resize=700%2C400&ssl=1 2x"},"classes":[]},{"id":34,"url":"https:\/\/noocnikpaints.com\/en\/kontakt\/","url_meta":{"origin":127,"position":1},"title":"Contact me","author":"noocnikpaints","date":"3 October 2021","format":false,"excerpt":"If you would like to commission\u00a0painting of gaming figures, please contact me using the form below. Enter the number, size and names of the figures. Describe your expectations regarding the level of detail and colors, and your preferred completion date. I will respond to you within two business days and provide you with a quote and terms of cooperation.","rel":"","context":"Similar post","block_context":{"text":"Similar post","link":""},"img":{"alt_text":"","src":"","width":0,"height":0},"classes":[]},{"id":2875,"url":"https:\/\/noocnikpaints.com\/en\/","url_meta":{"origin":127,"position":2},"title":"Custom Miniature Painting","author":"noocnikpaints","date":"19 April 2024","format":false,"excerpt":"Witaj! Jestem \u0141ukasz, malowanie figurek jest moj\u0105 pasj\u0105, kt\u00f3r\u0105 od 2016 roku zajmuj\u0119 si\u0119 profesjonalnie. Je\u015bli szukasz wyj\u0105tkowej us\u0142ugi, kt\u00f3ra o\u017cywi Twoich ulubionych bohater\u00f3w z gier planszowych, bitewnych czy fantasy, to znalaz\u0142e\u015b si\u0119 we w\u0142a\u015bciwym miejscu. Jako do\u015bwiadczony artysta specjalizuj\u0105cy si\u0119 w malowaniu figurek w ka\u017cdej skali i tematyce, oferuj\u0119\u2026","rel":"","context":"Similar post","block_context":{"text":"Similar post","link":""},"img":{"alt_text":"","src":"https:\/\/i0.wp.com\/noocnikpaints.com\/wp-content\/uploads\/2022\/02\/IMG_20210910_105643_797.jpg?resize=350%2C200&ssl=1","width":350,"height":200,"srcset":"https:\/\/i0.wp.com\/noocnikpaints.com\/wp-content\/uploads\/2022\/02\/IMG_20210910_105643_797.jpg?resize=350%2C200&ssl=1 1x, https:\/\/i0.wp.com\/noocnikpaints.com\/wp-content\/uploads\/2022\/02\/IMG_20210910_105643_797.jpg?resize=525%2C300&ssl=1 1.5x, https:\/\/i0.wp.com\/noocnikpaints.com\/wp-content\/uploads\/2022\/02\/IMG_20210910_105643_797.jpg?resize=700%2C400&ssl=1 2x"},"classes":[]},{"id":24,"url":"https:\/\/noocnikpaints.com\/en\/cennik\/","url_meta":{"origin":127,"position":3},"title":"Pricing","author":"noocnikpaints","date":"3 October 2021","format":false,"excerpt":"Poni\u017cej znajduje si\u0119 orientacyjny cennik us\u0142ug: Rozmiar figurkiPodstawowyTabletop plusProfesjonalnyFigurki (ma\u0142e) z podstawkami 25 mm25 z\u0142 \/ szt.40 z\u0142 \/ szt. 89 z\u0142 \/ szt. Figurki z podstawkami 25 - 32 mm35 z\u0142 \/ szt. 60 z\u0142 \/ szt. 120 z\u0142 \/ szt. Figurki (weterani HQ) z podstawkami 40 - 50\u2026","rel":"","context":"Similar post","block_context":{"text":"Similar post","link":""},"img":{"alt_text":"","src":"https:\/\/i0.wp.com\/noocnikpaints.com\/wp-content\/uploads\/2022\/02\/IMG_20210725_141618-01-edited.jpeg?resize=350%2C200&ssl=1","width":350,"height":200,"srcset":"https:\/\/i0.wp.com\/noocnikpaints.com\/wp-content\/uploads\/2022\/02\/IMG_20210725_141618-01-edited.jpeg?resize=350%2C200&ssl=1 1x, https:\/\/i0.wp.com\/noocnikpaints.com\/wp-content\/uploads\/2022\/02\/IMG_20210725_141618-01-edited.jpeg?resize=525%2C300&ssl=1 1.5x, https:\/\/i0.wp.com\/noocnikpaints.com\/wp-content\/uploads\/2022\/02\/IMG_20210725_141618-01-edited.jpeg?resize=700%2C400&ssl=1 2x"},"classes":[]},{"id":206,"url":"https:\/\/noocnikpaints.com\/en\/referencja\/","url_meta":{"origin":127,"position":4},"title":"Referencja","author":"noocnikpaints","date":"10 February 2022","format":false,"excerpt":"Zajrza\u0142em do Pana i musz\u0119 przyzna\u0107, \u017ce ot najlepiej pomalowane figurki Smok\u00f3w, jakie widzia\u0142em! -Pawe\u0142","rel":"","context":"Similar post","block_context":{"text":"Similar post","link":""},"img":{"alt_text":"","src":"","width":0,"height":0},"classes":[]},{"id":210,"url":"https:\/\/noocnikpaints.com\/en\/referencja-2\/","url_meta":{"origin":127,"position":5},"title":"Referencja 2","author":"noocnikpaints","date":"10 February 2022","format":false,"excerpt":"Zajrza\u0142em do Pana i musz\u0119 przyzna\u0107, \u017ce to najlepiej pomalowane figurki Smok\u00f3w, jakie widzia\u0142em! -Kamil","rel":"","context":"Similar post","block_context":{"text":"Similar post","link":""},"img":{"alt_text":"","src":"","width":0,"height":0},"classes":[]}],"jetpack_sharing_enabled":true,"_links":{"self":[{"href":"https:\/\/noocnikpaints.com\/en\/wp-json\/wp\/v2\/pages\/127","targetHints":{"allow":["GET"]}}],"collection":[{"href":"https:\/\/noocnikpaints.com\/en\/wp-json\/wp\/v2\/pages"}],"about":[{"href":"https:\/\/noocnikpaints.com\/en\/wp-json\/wp\/v2\/types\/page"}],"author":[{"embeddable":true,"href":"https:\/\/noocnikpaints.com\/en\/wp-json\/wp\/v2\/users\/1"}],"replies":[{"embeddable":true,"href":"https:\/\/noocnikpaints.com\/en\/wp-json\/wp\/v2\/comments?post=127"}],"version-history":[{"count":32,"href":"https:\/\/noocnikpaints.com\/en\/wp-json\/wp\/v2\/pages\/127\/revisions"}],"predecessor-version":[{"id":225,"href":"https:\/\/noocnikpaints.com\/en\/wp-json\/wp\/v2\/pages\/127\/revisions\/225"}],"wp:attachment":[{"href":"https:\/\/noocnikpaints.com\/en\/wp-json\/wp\/v2\/media?parent=127"}],"curies":[{"name":"wp","href":"https:\/\/api.w.org\/{rel}","templated":true}]}}