{"id":18,"date":"2021-10-03T17:07:44","date_gmt":"2021-10-03T15:07:44","guid":{"rendered":"http:\/\/localhost\/noocnikpaints\/?page_id=18"},"modified":"2024-02-20T13:01:11","modified_gmt":"2024-02-20T12:01:11","slug":"kim-jestem","status":"publish","type":"page","link":"https:\/\/noocnikpaints.com\/en\/kim-jestem\/","title":{"rendered":"About me"},"content":{"rendered":"<div class=\"wp-block-columns is-layout-flex wp-container-core-columns-is-layout-9d6595d7 wp-block-columns-is-layout-flex\">\n<div class=\"wp-block-column is-layout-flow wp-block-column-is-layout-flow\" style=\"flex-basis:25%\"><\/div>\n\n\n\n<div class=\"wp-block-column is-layout-flow wp-block-column-is-layout-flow\" style=\"flex-basis:90%\">\n<p>Hello! I am Lukas. Painting miniatures for tabletop wargames and board games is my passion, in which I have been working professionally since 2016. Over these years, my skills and workshop have developed significantly, allowing me to create unique works. If you lack the time or enthusiasm to paint figures for your favorite games yourself, I will be happy to help you. <\/p>\n\n\n<div class=\"wp-block-image is-style-rounded\">\n<figure class=\"aligncenter size-full is-resized\"><img decoding=\"async\" width=\"955\" height=\"955\" data-attachment-id=\"155\" data-permalink=\"https:\/\/noocnikpaints.com\/en\/kim-jestem\/img_20210910_105643_797\/\" data-orig-file=\"https:\/\/noocnikpaints.com\/wp-content\/uploads\/2022\/02\/IMG_20210910_105643_797.jpg?v=1683805856\" data-orig-size=\"955,955\" data-comments-opened=\"1\" data-image-meta=\"{&quot;aperture&quot;:&quot;0&quot;,&quot;credit&quot;:&quot;&quot;,&quot;camera&quot;:&quot;&quot;,&quot;caption&quot;:&quot;&quot;,&quot;created_timestamp&quot;:&quot;0&quot;,&quot;copyright&quot;:&quot;&quot;,&quot;focal_length&quot;:&quot;0&quot;,&quot;iso&quot;:&quot;0&quot;,&quot;shutter_speed&quot;:&quot;0&quot;,&quot;title&quot;:&quot;&quot;,&quot;orientation&quot;:&quot;0&quot;}\" data-image-title=\"IMG_20210910_105643_797\" data-image-description=\"\" data-image-caption=\"\" data-large-file=\"https:\/\/noocnikpaints.com\/wp-content\/uploads\/2022\/02\/IMG_20210910_105643_797.jpg?v=1683805856\" src=\"http:\/\/noocnikpaints.com\/wp-content\/uploads\/2022\/02\/IMG_20210910_105643_797.jpg\" alt=\"\" class=\"wp-image-155\" style=\"width:478px;height:478px\" srcset=\"https:\/\/noocnikpaints.com\/wp-content\/uploads\/2022\/02\/IMG_20210910_105643_797.jpg?v=1683805856 955w, https:\/\/noocnikpaints.com\/wp-content\/uploads\/2022\/02\/IMG_20210910_105643_797-300x300.jpg?v=1683805856 300w, https:\/\/noocnikpaints.com\/wp-content\/uploads\/2022\/02\/IMG_20210910_105643_797-150x150.jpg?v=1683805856 150w, https:\/\/noocnikpaints.com\/wp-content\/uploads\/2022\/02\/IMG_20210910_105643_797-768x768.jpg?v=1683805856 768w, https:\/\/noocnikpaints.com\/wp-content\/uploads\/2022\/02\/IMG_20210910_105643_797-12x12.jpg?v=1683805856 12w, https:\/\/noocnikpaints.com\/wp-content\/uploads\/2022\/02\/IMG_20210910_105643_797-508x508.jpg?v=1683805856 508w\" sizes=\"(max-width: 955px) 100vw, 955px\" \/><\/figure>\n<\/div>\n\n\n<p>I use only the highest quality paints, airbrushes and brushes from renowned brands, such as Vallejo, Games Workshop, Greenstuff World, Army Painter, Scale75, Tamiya, Raphael, as well as Winsor &amp; Newton Series 7. If you care about perfect detail and an effective finish, you got it great! Contact me to find out more. <\/p>\n<\/div>\n\n\n\n<div class=\"wp-block-column is-layout-flow wp-block-column-is-layout-flow\" style=\"flex-basis:25%\"><\/div>\n<\/div>\n\n\n\n<h4 class=\"wp-block-heading has-text-align-center\" id=\"co-jeszcze-mozesz-zrobic\">What else can you do?<\/h4>\n\n\n\n<p><\/p>\n\n\n\n<div class=\"wp-block-columns is-layout-flex wp-container-core-columns-is-layout-9d6595d7 wp-block-columns-is-layout-flex\">\n<div class=\"wp-block-column is-vertically-aligned-top has-text-align-center is-layout-flow wp-block-column-is-layout-flow\">\n<a class=\"button has-text-align-center\" style=\"margin: 1rem 0 0 0; font-size: 1.555rem;\" href=\"http:\/\/noocnikpaints.com\/en\/portfolio\/\" data-type=\"page\" data-id=\"31\">Check out my works<\/a>\n<\/div>\n\n\n\n<div class=\"wp-block-column has-text-align-center is-layout-flow wp-block-column-is-layout-flow\">\n<a class=\"button has-text-align-center\" style=\"margin: 1rem 0 0 0; font-size: 1.555rem;\" href=\"http:\/\/noocnikpaints.com\/en\/cennik\/\" data-type=\"page\" data-id=\"24\">See the pricing<\/a>\n<\/div>\n\n\n\n<div class=\"wp-block-column has-text-align-center is-layout-flow wp-block-column-is-layout-flow\">\n<a class=\"button has-text-align-center\" style=\"margin: 1rem 0 0 0; font-size: 1.555rem;\" href=\"http:\/\/noocnikpaints.com\/en\/kontakt\/\" data-type=\"page\" data-id=\"34\">Contact me <\/a>\n<\/div>\n<\/div>","protected":false},"excerpt":{"rendered":"<p>Witaj! Jestem \u0141ukasz. Malowanie figurek do gier bitewnych i planszowych to moja pasja, w kt\u00f3rej od 2016 roku dzia\u0142am profesjonalnie.<\/p>\n<p><a href=\"https:\/\/noocnikpaints.com\/en\/kim-jestem\/\" class=\"more-link\">Continue reading<span class=\"screen-reader-text\">About me<\/span><\/a><\/p>","protected":false},"author":1,"featured_media":0,"parent":0,"menu_order":0,"comment_status":"closed","ping_status":"closed","template":"","meta":{"pgc_sgb_lightbox_settings":"","footnotes":""},"class_list":["post-18","page","type-page","status-publish","hentry"],"aioseo_notices":[],"jetpack-related-posts":[{"id":2875,"url":"https:\/\/noocnikpaints.com\/en\/","url_meta":{"origin":18,"position":0},"title":"Custom Miniature Painting","author":"noocnikpaints","date":"19 April 2024","format":false,"excerpt":"Witaj! Jestem \u0141ukasz, malowanie figurek jest moj\u0105 pasj\u0105, kt\u00f3r\u0105 od 2016 roku zajmuj\u0119 si\u0119 profesjonalnie. Je\u015bli szukasz wyj\u0105tkowej us\u0142ugi, kt\u00f3ra o\u017cywi Twoich ulubionych bohater\u00f3w z gier planszowych, bitewnych czy fantasy, to znalaz\u0142e\u015b si\u0119 we w\u0142a\u015bciwym miejscu. Jako do\u015bwiadczony artysta specjalizuj\u0105cy si\u0119 w malowaniu figurek w ka\u017cdej skali i tematyce, oferuj\u0119\u2026","rel":"","context":"Similar post","block_context":{"text":"Similar post","link":""},"img":{"alt_text":"","src":"https:\/\/i0.wp.com\/noocnikpaints.com\/wp-content\/uploads\/2022\/02\/IMG_20210910_105643_797.jpg?resize=350%2C200&ssl=1","width":350,"height":200,"srcset":"https:\/\/i0.wp.com\/noocnikpaints.com\/wp-content\/uploads\/2022\/02\/IMG_20210910_105643_797.jpg?resize=350%2C200&ssl=1 1x, https:\/\/i0.wp.com\/noocnikpaints.com\/wp-content\/uploads\/2022\/02\/IMG_20210910_105643_797.jpg?resize=525%2C300&ssl=1 1.5x, https:\/\/i0.wp.com\/noocnikpaints.com\/wp-content\/uploads\/2022\/02\/IMG_20210910_105643_797.jpg?resize=700%2C400&ssl=1 2x"},"classes":[]},{"id":34,"url":"https:\/\/noocnikpaints.com\/en\/kontakt\/","url_meta":{"origin":18,"position":1},"title":"Contact me","author":"noocnikpaints","date":"3 October 2021","format":false,"excerpt":"If you would like to commission\u00a0painting of gaming figures, please contact me using the form below. Enter the number, size and names of the figures. Describe your expectations regarding the level of detail and colors, and your preferred completion date. I will respond to you within two business days and provide you with a quote and terms of cooperation.","rel":"","context":"Similar post","block_context":{"text":"Similar post","link":""},"img":{"alt_text":"","src":"","width":0,"height":0},"classes":[]},{"id":24,"url":"https:\/\/noocnikpaints.com\/en\/cennik\/","url_meta":{"origin":18,"position":2},"title":"Pricing","author":"noocnikpaints","date":"3 October 2021","format":false,"excerpt":"Poni\u017cej znajduje si\u0119 orientacyjny cennik us\u0142ug: Rozmiar figurkiPodstawowyTabletop plusProfesjonalnyFigurki (ma\u0142e) z podstawkami 25 mm25 z\u0142 \/ szt.40 z\u0142 \/ szt. 89 z\u0142 \/ szt. Figurki z podstawkami 25 - 32 mm35 z\u0142 \/ szt. 60 z\u0142 \/ szt. 120 z\u0142 \/ szt. Figurki (weterani HQ) z podstawkami 40 - 50\u2026","rel":"","context":"Similar post","block_context":{"text":"Similar post","link":""},"img":{"alt_text":"","src":"https:\/\/i0.wp.com\/noocnikpaints.com\/wp-content\/uploads\/2022\/02\/IMG_20210725_141618-01-edited.jpeg?resize=350%2C200&ssl=1","width":350,"height":200,"srcset":"https:\/\/i0.wp.com\/noocnikpaints.com\/wp-content\/uploads\/2022\/02\/IMG_20210725_141618-01-edited.jpeg?resize=350%2C200&ssl=1 1x, https:\/\/i0.wp.com\/noocnikpaints.com\/wp-content\/uploads\/2022\/02\/IMG_20210725_141618-01-edited.jpeg?resize=525%2C300&ssl=1 1.5x, https:\/\/i0.wp.com\/noocnikpaints.com\/wp-content\/uploads\/2022\/02\/IMG_20210725_141618-01-edited.jpeg?resize=700%2C400&ssl=1 2x"},"classes":[]},{"id":127,"url":"https:\/\/noocnikpaints.com\/en\/jak-wyglada-wspolpraca-ze-mna\/","url_meta":{"origin":18,"position":3},"title":"What does working with me look like?","author":"noocnikpaints","date":"14 December 2021","format":false,"excerpt":"Na pewno masz wiele pyta\u0144 zwi\u0105zanych z tym, jak wygl\u0105da proces wsp\u00f3\u0142pracy ze mn\u0105, jako Twoim \"Nadwornym malarzem\" lub \"P\u0119dzlem do wynaj\u0119cia\" (jak kto woli :)). Postaram si\u0119 zatem pokr\u00f3tce om\u00f3wi\u0107 tutaj krok po kroku ca\u0142y proces - od zapytania, a\u017c po odbi\u00f3r pomalowanych figurek: 1. Zapytanie Na tym etapie\u2026","rel":"","context":"Similar post","block_context":{"text":"Similar post","link":""},"img":{"alt_text":"","src":"https:\/\/i0.wp.com\/noocnikpaints.com\/wp-content\/uploads\/2022\/02\/IMG_20210620_004432-01-edited-2.jpeg?resize=350%2C200&ssl=1","width":350,"height":200,"srcset":"https:\/\/i0.wp.com\/noocnikpaints.com\/wp-content\/uploads\/2022\/02\/IMG_20210620_004432-01-edited-2.jpeg?resize=350%2C200&ssl=1 1x, https:\/\/i0.wp.com\/noocnikpaints.com\/wp-content\/uploads\/2022\/02\/IMG_20210620_004432-01-edited-2.jpeg?resize=525%2C300&ssl=1 1.5x, https:\/\/i0.wp.com\/noocnikpaints.com\/wp-content\/uploads\/2022\/02\/IMG_20210620_004432-01-edited-2.jpeg?resize=700%2C400&ssl=1 2x, https:\/\/i0.wp.com\/noocnikpaints.com\/wp-content\/uploads\/2022\/02\/IMG_20210620_004432-01-edited-2.jpeg?resize=1050%2C600&ssl=1 3x"},"classes":[]},{"id":31,"url":"https:\/\/noocnikpaints.com\/en\/portfolio\/","url_meta":{"origin":18,"position":4},"title":"Portfolio","author":"noocnikpaints","date":"3 October 2021","format":false,"excerpt":"Najnowsze realizacje: Wi\u0119cej moich prac znajdziesz na Instagramie i Facebooku. Je\u015bli chcesz \u017ceby Twoje figurki r\u00f3wnie\u017c by\u0142y tak \u015bwietnie pomalowane napisz do mnie i uzyskaj darmow\u0105 wycen\u0119 w ci\u0105gu dw\u00f3ch dni roboczych: Uzyskaj Wycen\u0119!","rel":"","context":"Similar post","block_context":{"text":"Similar post","link":""},"img":{"alt_text":"","src":"","width":0,"height":0},"classes":[]}],"jetpack_sharing_enabled":true,"_links":{"self":[{"href":"https:\/\/noocnikpaints.com\/en\/wp-json\/wp\/v2\/pages\/18","targetHints":{"allow":["GET"]}}],"collection":[{"href":"https:\/\/noocnikpaints.com\/en\/wp-json\/wp\/v2\/pages"}],"about":[{"href":"https:\/\/noocnikpaints.com\/en\/wp-json\/wp\/v2\/types\/page"}],"author":[{"embeddable":true,"href":"https:\/\/noocnikpaints.com\/en\/wp-json\/wp\/v2\/users\/1"}],"replies":[{"embeddable":true,"href":"https:\/\/noocnikpaints.com\/en\/wp-json\/wp\/v2\/comments?post=18"}],"version-history":[{"count":51,"href":"https:\/\/noocnikpaints.com\/en\/wp-json\/wp\/v2\/pages\/18\/revisions"}],"predecessor-version":[{"id":2680,"href":"https:\/\/noocnikpaints.com\/en\/wp-json\/wp\/v2\/pages\/18\/revisions\/2680"}],"wp:attachment":[{"href":"https:\/\/noocnikpaints.com\/en\/wp-json\/wp\/v2\/media?parent=18"}],"curies":[{"name":"wp","href":"https:\/\/api.w.org\/{rel}","templated":true}]}}