{"id":24,"date":"2021-10-03T17:50:10","date_gmt":"2021-10-03T15:50:10","guid":{"rendered":"http:\/\/localhost\/noocnikpaints\/?page_id=24"},"modified":"2024-02-20T15:00:13","modified_gmt":"2024-02-20T14:00:13","slug":"cennik","status":"publish","type":"page","link":"https:\/\/noocnikpaints.com\/en\/cennik\/","title":{"rendered":"Pricing"},"content":{"rendered":"<div class=\"wp-block-columns is-layout-flex wp-container-core-columns-is-layout-9d6595d7 wp-block-columns-is-layout-flex\">\n<div class=\"wp-block-column is-layout-flow wp-block-column-is-layout-flow\" style=\"flex-basis:25%\"><\/div>\n\n\n\n<div class=\"wp-block-column is-layout-flow wp-block-column-is-layout-flow\" style=\"flex-basis:90%\">\n<figure class=\"wp-block-image size-full is-style-rounded\"><img decoding=\"async\" width=\"955\" height=\"537\" data-attachment-id=\"172\" data-permalink=\"https:\/\/noocnikpaints.com\/en\/img_20210725_141618-01-2\/\" data-orig-file=\"https:\/\/noocnikpaints.com\/wp-content\/uploads\/2022\/02\/IMG_20210725_141618-01-edited.jpeg?v=1683805847\" data-orig-size=\"955,537\" data-comments-opened=\"1\" data-image-meta=\"{&quot;aperture&quot;:&quot;0&quot;,&quot;credit&quot;:&quot;&quot;,&quot;camera&quot;:&quot;&quot;,&quot;caption&quot;:&quot;&quot;,&quot;created_timestamp&quot;:&quot;0&quot;,&quot;copyright&quot;:&quot;&quot;,&quot;focal_length&quot;:&quot;0&quot;,&quot;iso&quot;:&quot;0&quot;,&quot;shutter_speed&quot;:&quot;0&quot;,&quot;title&quot;:&quot;&quot;,&quot;orientation&quot;:&quot;0&quot;}\" data-image-title=\"IMG_20210725_141618-01\" data-image-description=\"\" data-image-caption=\"\" data-large-file=\"https:\/\/noocnikpaints.com\/wp-content\/uploads\/2022\/02\/IMG_20210725_141618-01-edited.jpeg?v=1683805847\" src=\"http:\/\/noocnikpaints.com\/wp-content\/uploads\/2022\/02\/IMG_20210725_141618-01-edited.jpeg\" alt=\"\" class=\"wp-image-172\" srcset=\"https:\/\/noocnikpaints.com\/wp-content\/uploads\/2022\/02\/IMG_20210725_141618-01-edited.jpeg?v=1683805847 955w, https:\/\/noocnikpaints.com\/wp-content\/uploads\/2022\/02\/IMG_20210725_141618-01-edited-300x169.jpeg?v=1683805847 300w, https:\/\/noocnikpaints.com\/wp-content\/uploads\/2022\/02\/IMG_20210725_141618-01-edited-768x432.jpeg?v=1683805847 768w, https:\/\/noocnikpaints.com\/wp-content\/uploads\/2022\/02\/IMG_20210725_141618-01-edited-18x10.jpeg?v=1683805847 18w\" sizes=\"(max-width: 955px) 100vw, 955px\" \/><\/figure>\n\n\n\n<p> Below is an indicative price list of services: <\/p>\n\n\n\n<figure class=\"wp-block-table is-style-stripes cennik\"><table><thead><tr><th>Miniature size<\/th><th>Standard<\/th><th>Tabletop plus<\/th><th>Professional<\/th><\/tr><\/thead><tbody><tr><td>Miniatures (small) with 25 mm bases<\/td><td>5,5 EUR \/ pcs.<\/td><td>9,9 EUR \/ pcs. <\/td><td>19,5 EUR \/ pcs. <\/td><\/tr><tr><td>Miniatures with 25 - 32 mm bases<\/td><td>7,7 EUR \/ pcs. <\/td><td>13,2 EUR \/ pcs. <\/td><td>26,3 EUR \/ pcs.  <\/td><\/tr><tr><td>Miniatures (HQ veterans) with 40 - 50 mm bases<\/td><td>9,9 EUR \/ pcs. <\/td><td>17,5 EUR \/ pcs.  <\/td><td>35 EUR \/ pcs.  <\/td><\/tr><tr><td>Miniatures (cavalry) with 40 - 50 mm bases<\/td><td>13,2 EUR \/ pcs. <\/td><td>26,3 EUR \/ pcs.  <\/td><td>52,5 EUR \/ pcs.  <\/td><\/tr><tr><td>Miniatures (HQ cavalry) with 40 - 50 mm bases<\/td><td>26,3 EUR \/ pcs. <\/td><td>52,5 EUR \/ pcs.  <\/td><td>105 EUR \/ pcs. <\/td><\/tr><tr><td>Miniatures (small vehicles) with 60 - 80 mm bases<\/td><td>30,7 EUR \/ pcs. <\/td><td>61,3 EUR \/ pcs.  <\/td><td>122,5 EUR \/ pcs.  <\/td><\/tr><tr><td>Miniatures (medium vehicles) with bases 90 - 120 mm<\/td><td>81 EUR \/ pcs. <\/td><td>162 EUR \/ pcs.  <\/td><td>284,5 EUR \/ pcs.  <\/td><\/tr><tr><td>Miniatures (medium large vehicles) with 130 - 150 mm bases<\/td><td>87,5 EUR \/ pcs. <\/td><td>175 EUR \/ pcs.  <\/td><td>328,2 EUR \/ pcs.  <\/td><\/tr><tr><td>Miniatures (large vehicles) with 160 - 190 mm bases<\/td><td>109,5 EUR \/ pcs. <\/td><td>207,9 EUR \/ pcs.  <\/td><td>385,1 EUR \/ pcs.  <\/td><\/tr><tr><td>Miniatures (giga vehicles) with 200 - 230 mm bases<\/td><td>131,3 EUR \/ pcs. <\/td><td>262,6 EUR \/ pcs.  <\/td><td>426,7 EUR \/ pcs.  <\/td><\/tr><\/tbody><\/table><figcaption class=\"wp-element-caption translation-block\">Other: <strong> Ask for an individual pricing. <\/strong><\/figcaption><\/figure>\n\n\n\n<p><\/p>\n\n\n\n<p>The prices given are approximate prices and do not constitute a commercial offer within the meaning of the law. Each order is priced individually.<\/p>\n\n\n\n<p>There is a discount when ordering painting of regiments (larger groups of models).<\/p>\n\n\n\n<p>Additional service of gluing, polishing molds: + 15% \/ pc.<\/p>\n\n\n\n<figure class=\"wp-block-table is-style-stripes\"><table><tbody><tr><td><strong>Standard<\/strong><\/td><td>Priming and giving the base colors to the figurine. No additional highlights. Plus, simple shading to add detail.<\/td><\/tr><tr><td><strong>Tabletop plus<\/strong><\/td><td>There are many more painting techniques in this standard, adding many visual details to the figure, such as shading, lightening the edges, adding light effects on the skin, hair, clothes, weapons. Each figurine is painted individually, which will make it unique.<\/td><\/tr><tr><td><strong>Professional<\/strong><\/td><td>Painting that uses all the techniques that I have in my arsenal. Everything that is in the Tabletop plus standard and additionally advanced lighting effects and multi-color shading, layering, glazing.<\/td><\/tr><\/tbody><\/table><\/figure>\n\n\n\n<p>If you have any questions, feel free to <a data-type=\"page\" data-id=\"34\" href=\"http:\/\/localhost\/noocnikpaints\/kontakt\/\">contact me<\/a>. I am happy to answer any of them.<\/p>\n\n\n\n<p>You can also describe your project to me and I will provide you with a free quote within two working days: <\/p>\n<\/div>\n\n\n\n<div class=\"wp-block-column is-layout-flow wp-block-column-is-layout-flow\" style=\"flex-basis:25%\"><\/div>\n<\/div>\n\n\n\n<p><\/p>\n\n\n\n<div class=\"wp-block-columns is-layout-flex wp-container-core-columns-is-layout-9d6595d7 wp-block-columns-is-layout-flex\">\n<div class=\"wp-block-column is-layout-flow wp-block-column-is-layout-flow\"><\/div>\n\n\n\n<div class=\"wp-block-column is-layout-flow wp-block-column-is-layout-flow\">\n<a class=\"button has-text-align-center\" style=\"font-size: 1.555rem;\" href=\"http:\/\/noocnikpaints.com\/en\/kontakt\/\" data-type=\"page\" data-id=\"34\">Get a quote!<\/a>\n<\/div>\n\n\n\n<div class=\"wp-block-column is-layout-flow wp-block-column-is-layout-flow\"><\/div>\n<\/div>","protected":false},"excerpt":{"rendered":"<p>Poni\u017cej znajduje si\u0119 orientacyjny cennik us\u0142ug: Rozmiar figurki Podstawowy Tabletop plus Profesjonalny Figurki (ma\u0142e) z podstawkami 25 mm 25 z\u0142<\/p>\n<p><a href=\"https:\/\/noocnikpaints.com\/en\/cennik\/\" class=\"more-link\">Continue reading<span class=\"screen-reader-text\">Pricing<\/span><\/a><\/p>","protected":false},"author":1,"featured_media":0,"parent":0,"menu_order":0,"comment_status":"closed","ping_status":"closed","template":"","meta":{"pgc_sgb_lightbox_settings":"","footnotes":""},"class_list":["post-24","page","type-page","status-publish","hentry"],"aioseo_notices":[],"jetpack-related-posts":[{"id":127,"url":"https:\/\/noocnikpaints.com\/en\/jak-wyglada-wspolpraca-ze-mna\/","url_meta":{"origin":24,"position":0},"title":"What does working with me look like?","author":"noocnikpaints","date":"14 December 2021","format":false,"excerpt":"Na pewno masz wiele pyta\u0144 zwi\u0105zanych z tym, jak wygl\u0105da proces wsp\u00f3\u0142pracy ze mn\u0105, jako Twoim \"Nadwornym malarzem\" lub \"P\u0119dzlem do wynaj\u0119cia\" (jak kto woli :)). Postaram si\u0119 zatem pokr\u00f3tce om\u00f3wi\u0107 tutaj krok po kroku ca\u0142y proces - od zapytania, a\u017c po odbi\u00f3r pomalowanych figurek: 1. Zapytanie Na tym etapie\u2026","rel":"","context":"Similar post","block_context":{"text":"Similar post","link":""},"img":{"alt_text":"","src":"https:\/\/i0.wp.com\/noocnikpaints.com\/wp-content\/uploads\/2022\/02\/IMG_20210620_004432-01-edited-2.jpeg?resize=350%2C200&ssl=1","width":350,"height":200,"srcset":"https:\/\/i0.wp.com\/noocnikpaints.com\/wp-content\/uploads\/2022\/02\/IMG_20210620_004432-01-edited-2.jpeg?resize=350%2C200&ssl=1 1x, https:\/\/i0.wp.com\/noocnikpaints.com\/wp-content\/uploads\/2022\/02\/IMG_20210620_004432-01-edited-2.jpeg?resize=525%2C300&ssl=1 1.5x, https:\/\/i0.wp.com\/noocnikpaints.com\/wp-content\/uploads\/2022\/02\/IMG_20210620_004432-01-edited-2.jpeg?resize=700%2C400&ssl=1 2x, https:\/\/i0.wp.com\/noocnikpaints.com\/wp-content\/uploads\/2022\/02\/IMG_20210620_004432-01-edited-2.jpeg?resize=1050%2C600&ssl=1 3x"},"classes":[]},{"id":18,"url":"https:\/\/noocnikpaints.com\/en\/kim-jestem\/","url_meta":{"origin":24,"position":1},"title":"About me","author":"noocnikpaints","date":"3 October 2021","format":false,"excerpt":"Witaj! Jestem \u0141ukasz. Malowanie figurek do gier bitewnych i planszowych to moja pasja, w kt\u00f3rej od 2016 roku dzia\u0142am profesjonalnie. W ci\u0105gu tych lat moje umiej\u0119tno\u015bci i warsztat znacz\u0105co si\u0119 rozwin\u0119\u0142y, co pozwala mi tworzy\u0107 wyj\u0105tkowe dzie\u0142a. Je\u017celi brakuje Ci czasu lub zapa\u0142u, aby samodzielnie pomalowa\u0107 figurki do ulubionych gier,\u2026","rel":"","context":"Similar post","block_context":{"text":"Similar post","link":""},"img":{"alt_text":"","src":"https:\/\/i0.wp.com\/noocnikpaints.com\/wp-content\/uploads\/2022\/02\/IMG_20210910_105643_797.jpg?resize=350%2C200&ssl=1","width":350,"height":200,"srcset":"https:\/\/i0.wp.com\/noocnikpaints.com\/wp-content\/uploads\/2022\/02\/IMG_20210910_105643_797.jpg?resize=350%2C200&ssl=1 1x, https:\/\/i0.wp.com\/noocnikpaints.com\/wp-content\/uploads\/2022\/02\/IMG_20210910_105643_797.jpg?resize=525%2C300&ssl=1 1.5x, https:\/\/i0.wp.com\/noocnikpaints.com\/wp-content\/uploads\/2022\/02\/IMG_20210910_105643_797.jpg?resize=700%2C400&ssl=1 2x"},"classes":[]},{"id":2875,"url":"https:\/\/noocnikpaints.com\/en\/","url_meta":{"origin":24,"position":2},"title":"Custom Miniature Painting","author":"noocnikpaints","date":"19 April 2024","format":false,"excerpt":"Witaj! Jestem \u0141ukasz, malowanie figurek jest moj\u0105 pasj\u0105, kt\u00f3r\u0105 od 2016 roku zajmuj\u0119 si\u0119 profesjonalnie. Je\u015bli szukasz wyj\u0105tkowej us\u0142ugi, kt\u00f3ra o\u017cywi Twoich ulubionych bohater\u00f3w z gier planszowych, bitewnych czy fantasy, to znalaz\u0142e\u015b si\u0119 we w\u0142a\u015bciwym miejscu. Jako do\u015bwiadczony artysta specjalizuj\u0105cy si\u0119 w malowaniu figurek w ka\u017cdej skali i tematyce, oferuj\u0119\u2026","rel":"","context":"Similar post","block_context":{"text":"Similar post","link":""},"img":{"alt_text":"","src":"https:\/\/i0.wp.com\/noocnikpaints.com\/wp-content\/uploads\/2022\/02\/IMG_20210910_105643_797.jpg?resize=350%2C200&ssl=1","width":350,"height":200,"srcset":"https:\/\/i0.wp.com\/noocnikpaints.com\/wp-content\/uploads\/2022\/02\/IMG_20210910_105643_797.jpg?resize=350%2C200&ssl=1 1x, https:\/\/i0.wp.com\/noocnikpaints.com\/wp-content\/uploads\/2022\/02\/IMG_20210910_105643_797.jpg?resize=525%2C300&ssl=1 1.5x, https:\/\/i0.wp.com\/noocnikpaints.com\/wp-content\/uploads\/2022\/02\/IMG_20210910_105643_797.jpg?resize=700%2C400&ssl=1 2x"},"classes":[]}],"jetpack_sharing_enabled":true,"_links":{"self":[{"href":"https:\/\/noocnikpaints.com\/en\/wp-json\/wp\/v2\/pages\/24","targetHints":{"allow":["GET"]}}],"collection":[{"href":"https:\/\/noocnikpaints.com\/en\/wp-json\/wp\/v2\/pages"}],"about":[{"href":"https:\/\/noocnikpaints.com\/en\/wp-json\/wp\/v2\/types\/page"}],"author":[{"embeddable":true,"href":"https:\/\/noocnikpaints.com\/en\/wp-json\/wp\/v2\/users\/1"}],"replies":[{"embeddable":true,"href":"https:\/\/noocnikpaints.com\/en\/wp-json\/wp\/v2\/comments?post=24"}],"version-history":[{"count":10,"href":"https:\/\/noocnikpaints.com\/en\/wp-json\/wp\/v2\/pages\/24\/revisions"}],"predecessor-version":[{"id":2082,"href":"https:\/\/noocnikpaints.com\/en\/wp-json\/wp\/v2\/pages\/24\/revisions\/2082"}],"wp:attachment":[{"href":"https:\/\/noocnikpaints.com\/en\/wp-json\/wp\/v2\/media?parent=24"}],"curies":[{"name":"wp","href":"https:\/\/api.w.org\/{rel}","templated":true}]}}