{"id":2875,"date":"2024-04-19T13:46:57","date_gmt":"2024-04-19T11:46:57","guid":{"rendered":"https:\/\/noocnikpaints.com\/?page_id=2875"},"modified":"2024-04-19T13:46:59","modified_gmt":"2024-04-19T11:46:59","slug":"malowanie-figurek-na-zamowienie","status":"publish","type":"page","link":"https:\/\/noocnikpaints.com\/en\/","title":{"rendered":"Custom Miniature Painting"},"content":{"rendered":"<div class=\"wp-block-columns is-layout-flex wp-container-core-columns-is-layout-9d6595d7 wp-block-columns-is-layout-flex\">\n<div class=\"wp-block-column is-layout-flow wp-block-column-is-layout-flow\" style=\"flex-basis:25%\"><\/div>\n\n\n\n<div class=\"wp-block-column is-layout-flow wp-block-column-is-layout-flow\" style=\"flex-basis:90%\">\n<p>Hello! I'm \u0141ukasz, and painting miniatures is my passion, which I've been professionally pursuing since 2016. If you're looking for a unique service to bring your favorite characters from board games, wargames, or fantasy worlds to life, you've come to the right place.<\/p>\n\n\n<div class=\"wp-block-image is-style-rounded\">\n<figure class=\"aligncenter size-full is-resized\"><img decoding=\"async\" width=\"955\" height=\"955\" data-attachment-id=\"155\" data-permalink=\"https:\/\/noocnikpaints.com\/en\/kim-jestem\/img_20210910_105643_797\/\" data-orig-file=\"https:\/\/noocnikpaints.com\/wp-content\/uploads\/2022\/02\/IMG_20210910_105643_797.jpg?v=1683805856\" data-orig-size=\"955,955\" data-comments-opened=\"1\" data-image-meta=\"{&quot;aperture&quot;:&quot;0&quot;,&quot;credit&quot;:&quot;&quot;,&quot;camera&quot;:&quot;&quot;,&quot;caption&quot;:&quot;&quot;,&quot;created_timestamp&quot;:&quot;0&quot;,&quot;copyright&quot;:&quot;&quot;,&quot;focal_length&quot;:&quot;0&quot;,&quot;iso&quot;:&quot;0&quot;,&quot;shutter_speed&quot;:&quot;0&quot;,&quot;title&quot;:&quot;&quot;,&quot;orientation&quot;:&quot;0&quot;}\" data-image-title=\"IMG_20210910_105643_797\" data-image-description=\"\" data-image-caption=\"\" data-medium-file=\"https:\/\/noocnikpaints.com\/wp-content\/uploads\/2022\/02\/IMG_20210910_105643_797-300x300.jpg?v=1683805856\" data-large-file=\"https:\/\/noocnikpaints.com\/wp-content\/uploads\/2022\/02\/IMG_20210910_105643_797.jpg?v=1683805856\" src=\"http:\/\/noocnikpaints.com\/wp-content\/uploads\/2022\/02\/IMG_20210910_105643_797.jpg\" alt=\"\" class=\"wp-image-155\" style=\"width:478px;height:478px\" srcset=\"https:\/\/noocnikpaints.com\/wp-content\/uploads\/2022\/02\/IMG_20210910_105643_797.jpg?v=1683805856 955w, https:\/\/noocnikpaints.com\/wp-content\/uploads\/2022\/02\/IMG_20210910_105643_797-300x300.jpg?v=1683805856 300w, https:\/\/noocnikpaints.com\/wp-content\/uploads\/2022\/02\/IMG_20210910_105643_797-150x150.jpg?v=1683805856 150w, https:\/\/noocnikpaints.com\/wp-content\/uploads\/2022\/02\/IMG_20210910_105643_797-768x768.jpg?v=1683805856 768w, https:\/\/noocnikpaints.com\/wp-content\/uploads\/2022\/02\/IMG_20210910_105643_797-12x12.jpg?v=1683805856 12w, https:\/\/noocnikpaints.com\/wp-content\/uploads\/2022\/02\/IMG_20210910_105643_797-508x508.jpg?v=1683805856 508w\" sizes=\"(max-width: 955px) 100vw, 955px\" \/><\/figure>\n<\/div>\n\n\n<p>As an experienced artist specializing in painting miniatures of all scales and themes, I offer an individual approach to each project. I understand that your models are important to you, so I ensure that every detail is perfect. My miniature painting studio offers a wide range of styles and techniques to fully cater to your preferences.<\/p>\n\n\n\n<h3 class=\"wp-block-heading\">Unique Custom Miniature Painting<\/h3>\n\n\n\n<p>What sets my service apart? An individual approach to each project. I understand that your miniatures are important to you, so I ensure that every detail is perfect. My painting studio offers a wide range of styles and painting techniques to match your preferences.<\/p>\n\n\n\n<p>You don't need to worry about complicated processes. Just choose the models you want us to paint, and I'll take care of the rest. I meticulously refine every detail so that you can enjoy the finished pieces of art.<\/p>\n\n\n<div class=\"wp-block-image is-style-rounded\">\n<figure class=\"aligncenter size-full is-resized\"><img decoding=\"async\" width=\"1076\" height=\"1076\" data-attachment-id=\"2879\" data-permalink=\"https:\/\/noocnikpaints.com\/en\/1677672992747-01-2\/\" data-orig-file=\"https:\/\/noocnikpaints.com\/wp-content\/uploads\/2024\/04\/1677672992747-01-edited.jpg\" data-orig-size=\"1076,1076\" data-comments-opened=\"0\" data-image-meta=\"{&quot;aperture&quot;:&quot;0&quot;,&quot;credit&quot;:&quot;&quot;,&quot;camera&quot;:&quot;&quot;,&quot;caption&quot;:&quot;&quot;,&quot;created_timestamp&quot;:&quot;0&quot;,&quot;copyright&quot;:&quot;&quot;,&quot;focal_length&quot;:&quot;0&quot;,&quot;iso&quot;:&quot;0&quot;,&quot;shutter_speed&quot;:&quot;0&quot;,&quot;title&quot;:&quot;&quot;,&quot;orientation&quot;:&quot;1&quot;}\" data-image-title=\"1677672992747-01\" data-image-description=\"\" data-image-caption=\"\" data-medium-file=\"https:\/\/noocnikpaints.com\/wp-content\/uploads\/2024\/04\/1677672992747-01-edited-1024x1024.jpg\" data-large-file=\"https:\/\/noocnikpaints.com\/wp-content\/uploads\/2024\/04\/1677672992747-01-edited.jpg\" src=\"https:\/\/noocnikpaints.com\/wp-content\/uploads\/2024\/04\/1677672992747-01-edited.jpg\" alt=\"\" class=\"wp-image-2879\" style=\"object-fit:cover;width:478px;height:478px\" srcset=\"https:\/\/noocnikpaints.com\/wp-content\/uploads\/2024\/04\/1677672992747-01-edited.jpg 1076w, https:\/\/noocnikpaints.com\/wp-content\/uploads\/2024\/04\/1677672992747-01-edited-1024x1024.jpg 1024w, https:\/\/noocnikpaints.com\/wp-content\/uploads\/2024\/04\/1677672992747-01-edited-300x300.jpg 300w, https:\/\/noocnikpaints.com\/wp-content\/uploads\/2024\/04\/1677672992747-01-edited-768x768.jpg 768w, https:\/\/noocnikpaints.com\/wp-content\/uploads\/2024\/04\/1677672992747-01-edited-12x12.jpg 12w, https:\/\/noocnikpaints.com\/wp-content\/uploads\/2024\/04\/1677672992747-01-edited-508x508.jpg 508w\" sizes=\"(max-width: 1076px) 100vw, 1076px\" \/><\/figure>\n<\/div>\n\n\n<h3 class=\"wp-block-heading\">Trusted Service<\/h3>\n\n\n\n<p>Join the ranks of satisfied customers who have trusted my experience in miniature painting. Contact me today to start your journey with unique, painted miniatures!<\/p>\n<\/div>\n\n\n\n<div class=\"wp-block-column is-layout-flow wp-block-column-is-layout-flow\" style=\"flex-basis:25%\"><\/div>\n<\/div>\n\n\n\n<div class=\"wp-block-group wycena_form\"><div class=\"wp-block-group__inner-container is-layout-constrained wp-block-group-is-layout-constrained\">\n<h6 class=\"wp-block-heading\">Do you like my projects? Want me to paint your miniatures for you? Send me a request for a quote for your project:<\/h6>\n\n\n\n<div class=\"wpcf7 no-js\" id=\"wpcf7-f30-o1\" lang=\"pl-PL\" dir=\"ltr\" data-wpcf7-id=\"30\">\n<div class=\"screen-reader-response\"><p role=\"status\" aria-live=\"polite\" aria-atomic=\"true\"><\/p> <ul><\/ul><\/div>\n<form action=\"\/en\/wp-json\/wp\/v2\/pages\/2875#wpcf7-f30-o1\" method=\"post\" class=\"wpcf7-form init\" aria-label=\"Formularz kontaktowy\" enctype=\"multipart\/form-data\" novalidate=\"novalidate\" data-status=\"init\" data-trp-original-action=\"\/en\/wp-json\/wp\/v2\/pages\/2875#wpcf7-f30-o1\">\n<fieldset class=\"hidden-fields-container\"><input type=\"hidden\" name=\"_wpcf7\" value=\"30\" \/><input type=\"hidden\" name=\"_wpcf7_version\" value=\"6.1.4\" \/><input type=\"hidden\" name=\"_wpcf7_locale\" value=\"pl_PL\" \/><input type=\"hidden\" name=\"_wpcf7_unit_tag\" value=\"wpcf7-f30-o1\" \/><input type=\"hidden\" name=\"_wpcf7_container_post\" value=\"0\" \/><input type=\"hidden\" name=\"_wpcf7_posted_data_hash\" value=\"\" \/><input type=\"hidden\" name=\"_wpcf7_recaptcha_response\" value=\"\" \/>\n<\/fieldset>\n<p><label> Your name<br \/>\n<span class=\"wpcf7-form-control-wrap\" data-name=\"your-name\"><input size=\"40\" maxlength=\"400\" class=\"wpcf7-form-control wpcf7-text wpcf7-validates-as-required\" aria-required=\"true\" aria-invalid=\"false\" value=\"\" type=\"text\" name=\"your-name\" \/><\/span> <\/label>\n<\/p>\n<p><label> Your e-mail address<br \/>\n<span class=\"wpcf7-form-control-wrap\" data-name=\"your-email\"><input size=\"40\" maxlength=\"400\" class=\"wpcf7-form-control wpcf7-email wpcf7-validates-as-required wpcf7-text wpcf7-validates-as-email\" aria-required=\"true\" aria-invalid=\"false\" value=\"\" type=\"email\" name=\"your-email\" \/><\/span> <\/label>\n<\/p>\n<p><label> Subject<br \/>\n<span class=\"wpcf7-form-control-wrap\" data-name=\"your-subject\"><input size=\"40\" maxlength=\"400\" class=\"wpcf7-form-control wpcf7-text wpcf7-validates-as-required\" aria-required=\"true\" aria-invalid=\"false\" value=\"\" type=\"text\" name=\"your-subject\" \/><\/span> <\/label>\n<\/p>\n<p><label> Your message (describe me your project specifics)<br \/>\n<span class=\"wpcf7-form-control-wrap\" data-name=\"your-message\"><textarea cols=\"40\" rows=\"10\" maxlength=\"2000\" class=\"wpcf7-form-control wpcf7-textarea\" aria-invalid=\"false\" name=\"your-message\"><\/textarea><\/span> <\/label>\n<\/p>\n<p><label> Attach a picture to help with the quotation<br \/>\n<div id=\"mfcf7_zl_multifilecontainer\"><span class=\"mfcf7-zl-multiline-sample\" style=\"display:none\"><p class=\"wpcf7-form-control-wrap multilinefile-822\"><input size=\"40\" class=\"wpcf7-form-control wpcf7-multilinefile\" multiple=\"multiple\" value=\"Do\u0142\u0105cz plik\" aria-invalid=\"false\" type=\"file\" name=\"multilinefile-822[]\" \/> <span class=\"mfcf7-zl-multifile-name\"><\/span><a href=\"javascript:void(0);\" class=\"mfcf7_zl_delete_file\"><span class=\"delete-file\" aria-hidden=\"true\">&#x274C;<\/span><\/a><\/p><\/span><\/div><span class=\"wpcf7-form-control-wrap zl-form-control-wrap multilinefile-822\"><input size=\"40\" class=\"wpcf7-form-control wpcf7-multilinefile\" multiple=\"multiple\" value=\"Do\u0142\u0105cz plik\" aria-invalid=\"false\" type=\"file\" name=\"multilinefile-822[]\" \/> <span class=\"mfcf7-zl-multifile-name\"><\/span><a href=\"javascript:void(0);\" class=\"mfcf7_zl_delete_file\"><span class=\"delete-file\" aria-hidden=\"true\">&#x274C;<\/span><\/a><\/span><p><label><span class=\"wpcf7-form-control-wrap\" data-name=\"multilinefile-822-zl-mfcf7-upld-btn\"><input type=\"button\" name=\"multilinefile-822-zl-mfcf7-upld-btn\" class=\"button button-primary qbutton\" id=\"mfcf7_zl_add_file\" value=\"Attach file\"><\/span><\/label><\/p><\/label>\n<\/p>\n<p><input class=\"wpcf7-form-control wpcf7-submit has-spinner\" type=\"submit\" value=\"Send\" \/>\n<\/p><div class=\"wpcf7-response-output\" aria-hidden=\"true\"><\/div>\n<input type=\"hidden\" name=\"trp-form-language\" value=\"en\"\/><\/form>\n<\/div>\n\n<\/div><\/div>\n\n\n\n<h4 class=\"wp-block-heading has-text-align-center\" id=\"co-jeszcze-mozesz-zrobic\">What else can you do?<\/h4>\n\n\n\n<p><\/p>\n\n\n\n<div class=\"wp-block-columns is-layout-flex wp-container-core-columns-is-layout-9d6595d7 wp-block-columns-is-layout-flex\">\n<div class=\"wp-block-column is-vertically-aligned-top has-text-align-center is-layout-flow wp-block-column-is-layout-flow\">\n<a class=\"button has-text-align-center\" style=\"margin: 1rem 0 0 0; font-size: 1.555rem;\" href=\"http:\/\/noocnikpaints.com\/en\/portfolio\/\" data-type=\"page\" data-id=\"31\">Check out my works<\/a>\n<\/div>\n\n\n\n<div class=\"wp-block-column has-text-align-center is-layout-flow wp-block-column-is-layout-flow\">\n<a class=\"button has-text-align-center\" style=\"margin: 1rem 0 0 0; font-size: 1.555rem;\" href=\"http:\/\/noocnikpaints.com\/en\/cennik\/\" data-type=\"page\" data-id=\"24\">See the pricing<\/a>\n<\/div>\n\n\n\n<div class=\"wp-block-column has-text-align-center is-layout-flow wp-block-column-is-layout-flow\">\n<a class=\"button has-text-align-center\" style=\"margin: 1rem 0 0 0; font-size: 1.555rem;\" href=\"http:\/\/noocnikpaints.com\/en\/kontakt\/\" data-type=\"page\" data-id=\"34\">Contact me <\/a>\n<\/div>\n<\/div>","protected":false},"excerpt":{"rendered":"<p>Witaj! Jestem \u0141ukasz, malowanie figurek jest moj\u0105 pasj\u0105, kt\u00f3r\u0105 od 2016 roku zajmuj\u0119 si\u0119 profesjonalnie. Je\u015bli szukasz wyj\u0105tkowej us\u0142ugi, kt\u00f3ra<\/p>\n<p><a href=\"https:\/\/noocnikpaints.com\/en\/\" class=\"more-link\">Continue reading<span class=\"screen-reader-text\">Custom Miniature Painting<\/span><\/a><\/p>","protected":false},"author":1,"featured_media":0,"parent":0,"menu_order":0,"comment_status":"closed","ping_status":"closed","template":"","meta":{"pgc_sgb_lightbox_settings":"","footnotes":""},"class_list":["post-2875","page","type-page","status-publish","hentry"],"aioseo_notices":[],"jetpack-related-posts":[{"id":34,"url":"https:\/\/noocnikpaints.com\/en\/kontakt\/","url_meta":{"origin":2875,"position":0},"title":"Contact me","author":"noocnikpaints","date":"3 October 2021","format":false,"excerpt":"If you would like to commission\u00a0painting of gaming figures, please contact me using the form below. Enter the number, size and names of the figures. Describe your expectations regarding the level of detail and colors, and your preferred completion date. I will respond to you within two business days and provide you with a quote and terms of cooperation.","rel":"","context":"Similar post","block_context":{"text":"Similar post","link":""},"img":{"alt_text":"","src":"","width":0,"height":0},"classes":[]},{"id":18,"url":"https:\/\/noocnikpaints.com\/en\/kim-jestem\/","url_meta":{"origin":2875,"position":1},"title":"About me","author":"noocnikpaints","date":"3 October 2021","format":false,"excerpt":"Witaj! Jestem \u0141ukasz. Malowanie figurek do gier bitewnych i planszowych to moja pasja, w kt\u00f3rej od 2016 roku dzia\u0142am profesjonalnie. W ci\u0105gu tych lat moje umiej\u0119tno\u015bci i warsztat znacz\u0105co si\u0119 rozwin\u0119\u0142y, co pozwala mi tworzy\u0107 wyj\u0105tkowe dzie\u0142a. Je\u017celi brakuje Ci czasu lub zapa\u0142u, aby samodzielnie pomalowa\u0107 figurki do ulubionych gier,\u2026","rel":"","context":"Similar post","block_context":{"text":"Similar post","link":""},"img":{"alt_text":"","src":"https:\/\/i0.wp.com\/noocnikpaints.com\/wp-content\/uploads\/2022\/02\/IMG_20210910_105643_797.jpg?resize=350%2C200&ssl=1","width":350,"height":200,"srcset":"https:\/\/i0.wp.com\/noocnikpaints.com\/wp-content\/uploads\/2022\/02\/IMG_20210910_105643_797.jpg?resize=350%2C200&ssl=1 1x, https:\/\/i0.wp.com\/noocnikpaints.com\/wp-content\/uploads\/2022\/02\/IMG_20210910_105643_797.jpg?resize=525%2C300&ssl=1 1.5x, https:\/\/i0.wp.com\/noocnikpaints.com\/wp-content\/uploads\/2022\/02\/IMG_20210910_105643_797.jpg?resize=700%2C400&ssl=1 2x"},"classes":[]},{"id":127,"url":"https:\/\/noocnikpaints.com\/en\/jak-wyglada-wspolpraca-ze-mna\/","url_meta":{"origin":2875,"position":2},"title":"What does working with me look like?","author":"noocnikpaints","date":"14 December 2021","format":false,"excerpt":"Na pewno masz wiele pyta\u0144 zwi\u0105zanych z tym, jak wygl\u0105da proces wsp\u00f3\u0142pracy ze mn\u0105, jako Twoim \"Nadwornym malarzem\" lub \"P\u0119dzlem do wynaj\u0119cia\" (jak kto woli :)). Postaram si\u0119 zatem pokr\u00f3tce om\u00f3wi\u0107 tutaj krok po kroku ca\u0142y proces - od zapytania, a\u017c po odbi\u00f3r pomalowanych figurek: 1. Zapytanie Na tym etapie\u2026","rel":"","context":"Similar post","block_context":{"text":"Similar post","link":""},"img":{"alt_text":"","src":"https:\/\/i0.wp.com\/noocnikpaints.com\/wp-content\/uploads\/2022\/02\/IMG_20210620_004432-01-edited-2.jpeg?resize=350%2C200&ssl=1","width":350,"height":200,"srcset":"https:\/\/i0.wp.com\/noocnikpaints.com\/wp-content\/uploads\/2022\/02\/IMG_20210620_004432-01-edited-2.jpeg?resize=350%2C200&ssl=1 1x, https:\/\/i0.wp.com\/noocnikpaints.com\/wp-content\/uploads\/2022\/02\/IMG_20210620_004432-01-edited-2.jpeg?resize=525%2C300&ssl=1 1.5x, https:\/\/i0.wp.com\/noocnikpaints.com\/wp-content\/uploads\/2022\/02\/IMG_20210620_004432-01-edited-2.jpeg?resize=700%2C400&ssl=1 2x, https:\/\/i0.wp.com\/noocnikpaints.com\/wp-content\/uploads\/2022\/02\/IMG_20210620_004432-01-edited-2.jpeg?resize=1050%2C600&ssl=1 3x"},"classes":[]},{"id":24,"url":"https:\/\/noocnikpaints.com\/en\/cennik\/","url_meta":{"origin":2875,"position":3},"title":"Pricing","author":"noocnikpaints","date":"3 October 2021","format":false,"excerpt":"Poni\u017cej znajduje si\u0119 orientacyjny cennik us\u0142ug: Rozmiar figurkiPodstawowyTabletop plusProfesjonalnyFigurki (ma\u0142e) z podstawkami 25 mm25 z\u0142 \/ szt.40 z\u0142 \/ szt. 89 z\u0142 \/ szt. Figurki z podstawkami 25 - 32 mm35 z\u0142 \/ szt. 60 z\u0142 \/ szt. 120 z\u0142 \/ szt. Figurki (weterani HQ) z podstawkami 40 - 50\u2026","rel":"","context":"Similar post","block_context":{"text":"Similar post","link":""},"img":{"alt_text":"","src":"https:\/\/i0.wp.com\/noocnikpaints.com\/wp-content\/uploads\/2022\/02\/IMG_20210725_141618-01-edited.jpeg?resize=350%2C200&ssl=1","width":350,"height":200,"srcset":"https:\/\/i0.wp.com\/noocnikpaints.com\/wp-content\/uploads\/2022\/02\/IMG_20210725_141618-01-edited.jpeg?resize=350%2C200&ssl=1 1x, https:\/\/i0.wp.com\/noocnikpaints.com\/wp-content\/uploads\/2022\/02\/IMG_20210725_141618-01-edited.jpeg?resize=525%2C300&ssl=1 1.5x, https:\/\/i0.wp.com\/noocnikpaints.com\/wp-content\/uploads\/2022\/02\/IMG_20210725_141618-01-edited.jpeg?resize=700%2C400&ssl=1 2x"},"classes":[]},{"id":31,"url":"https:\/\/noocnikpaints.com\/en\/portfolio\/","url_meta":{"origin":2875,"position":4},"title":"Portfolio","author":"noocnikpaints","date":"3 October 2021","format":false,"excerpt":"Najnowsze realizacje: Wi\u0119cej moich prac znajdziesz na Instagramie i Facebooku. Je\u015bli chcesz \u017ceby Twoje figurki r\u00f3wnie\u017c by\u0142y tak \u015bwietnie pomalowane napisz do mnie i uzyskaj darmow\u0105 wycen\u0119 w ci\u0105gu dw\u00f3ch dni roboczych: Uzyskaj Wycen\u0119!","rel":"","context":"Similar post","block_context":{"text":"Similar post","link":""},"img":{"alt_text":"","src":"","width":0,"height":0},"classes":[]}],"jetpack_sharing_enabled":true,"_links":{"self":[{"href":"https:\/\/noocnikpaints.com\/en\/wp-json\/wp\/v2\/pages\/2875","targetHints":{"allow":["GET"]}}],"collection":[{"href":"https:\/\/noocnikpaints.com\/en\/wp-json\/wp\/v2\/pages"}],"about":[{"href":"https:\/\/noocnikpaints.com\/en\/wp-json\/wp\/v2\/types\/page"}],"author":[{"embeddable":true,"href":"https:\/\/noocnikpaints.com\/en\/wp-json\/wp\/v2\/users\/1"}],"replies":[{"embeddable":true,"href":"https:\/\/noocnikpaints.com\/en\/wp-json\/wp\/v2\/comments?post=2875"}],"version-history":[{"count":7,"href":"https:\/\/noocnikpaints.com\/en\/wp-json\/wp\/v2\/pages\/2875\/revisions"}],"predecessor-version":[{"id":2883,"href":"https:\/\/noocnikpaints.com\/en\/wp-json\/wp\/v2\/pages\/2875\/revisions\/2883"}],"wp:attachment":[{"href":"https:\/\/noocnikpaints.com\/en\/wp-json\/wp\/v2\/media?parent=2875"}],"curies":[{"name":"wp","href":"https:\/\/api.w.org\/{rel}","templated":true}]}}