{"id":34,"date":"2021-10-03T18:02:17","date_gmt":"2021-10-03T16:02:17","guid":{"rendered":"http:\/\/localhost\/noocnikpaints\/?page_id=34"},"modified":"2024-02-14T13:37:54","modified_gmt":"2024-02-14T12:37:54","slug":"kontakt","status":"publish","type":"page","link":"https:\/\/noocnikpaints.com\/en\/kontakt\/","title":{"rendered":"Contact me"},"content":{"rendered":"<p>If you would like to commission\u00a0painting of gaming figures, please contact me using the form below. Enter the number, size and names of the figures. Describe your expectations regarding the level of detail and colors, and your preferred completion date. I will respond to you within two business days and provide you with a quote and terms of cooperation.<\/p>\n\n\n\n<div class=\"wp-block-columns is-layout-flex wp-container-core-columns-is-layout-9d6595d7 wp-block-columns-is-layout-flex\">\n<div class=\"wp-block-column is-layout-flow wp-block-column-is-layout-flow\" style=\"flex-basis:25%\"><\/div>\n\n\n\n<div class=\"wp-block-column is-layout-flow wp-block-column-is-layout-flow\" style=\"flex-basis:50%\">\n<div class=\"wpcf7 no-js\" id=\"wpcf7-f30-o1\" lang=\"pl-PL\" dir=\"ltr\" data-wpcf7-id=\"30\">\n<div class=\"screen-reader-response\"><p role=\"status\" aria-live=\"polite\" aria-atomic=\"true\"><\/p> <ul><\/ul><\/div>\n<form action=\"\/en\/wp-json\/wp\/v2\/pages\/34#wpcf7-f30-o1\" method=\"post\" class=\"wpcf7-form init\" aria-label=\"Formularz kontaktowy\" enctype=\"multipart\/form-data\" novalidate=\"novalidate\" data-status=\"init\" data-trp-original-action=\"\/en\/wp-json\/wp\/v2\/pages\/34#wpcf7-f30-o1\">\n<fieldset class=\"hidden-fields-container\"><input type=\"hidden\" name=\"_wpcf7\" value=\"30\" \/><input type=\"hidden\" name=\"_wpcf7_version\" value=\"6.1.5\" \/><input type=\"hidden\" name=\"_wpcf7_locale\" value=\"pl_PL\" \/><input type=\"hidden\" name=\"_wpcf7_unit_tag\" value=\"wpcf7-f30-o1\" \/><input type=\"hidden\" name=\"_wpcf7_container_post\" value=\"0\" \/><input type=\"hidden\" name=\"_wpcf7_posted_data_hash\" value=\"\" \/><input type=\"hidden\" name=\"_wpcf7_recaptcha_response\" value=\"\" \/>\n<\/fieldset>\n<p><label> Your name<br \/>\n<span class=\"wpcf7-form-control-wrap\" data-name=\"your-name\"><input size=\"40\" maxlength=\"400\" class=\"wpcf7-form-control wpcf7-text wpcf7-validates-as-required\" aria-required=\"true\" aria-invalid=\"false\" value=\"\" type=\"text\" name=\"your-name\" \/><\/span> <\/label>\n<\/p>\n<p><label> Your e-mail address<br \/>\n<span class=\"wpcf7-form-control-wrap\" data-name=\"your-email\"><input size=\"40\" maxlength=\"400\" class=\"wpcf7-form-control wpcf7-email wpcf7-validates-as-required wpcf7-text wpcf7-validates-as-email\" aria-required=\"true\" aria-invalid=\"false\" value=\"\" type=\"email\" name=\"your-email\" \/><\/span> <\/label>\n<\/p>\n<p><label> Subject<br \/>\n<span class=\"wpcf7-form-control-wrap\" data-name=\"your-subject\"><input size=\"40\" maxlength=\"400\" class=\"wpcf7-form-control wpcf7-text wpcf7-validates-as-required\" aria-required=\"true\" aria-invalid=\"false\" value=\"\" type=\"text\" name=\"your-subject\" \/><\/span> <\/label>\n<\/p>\n<p><label> Your message (describe me your project specifics)<br \/>\n<span class=\"wpcf7-form-control-wrap\" data-name=\"your-message\"><textarea cols=\"40\" rows=\"10\" maxlength=\"2000\" class=\"wpcf7-form-control wpcf7-textarea\" aria-invalid=\"false\" name=\"your-message\"><\/textarea><\/span> <\/label>\n<\/p>\n<p><label> Attach a picture to help with the quotation<br \/>\n<div id=\"mfcf7_zl_multifilecontainer\"><span class=\"mfcf7-zl-multiline-sample\" style=\"display:none\"><p class=\"wpcf7-form-control-wrap multilinefile-822\"><input size=\"40\" class=\"wpcf7-form-control wpcf7-multilinefile\" multiple=\"multiple\" value=\"Do\u0142\u0105cz plik\" aria-invalid=\"false\" type=\"file\" name=\"multilinefile-822[]\" \/> <span class=\"mfcf7-zl-multifile-name\"><\/span><a href=\"javascript:void(0);\" class=\"mfcf7_zl_delete_file\"><span class=\"delete-file\" aria-hidden=\"true\">&#x274C;<\/span><\/a><\/p><\/span><\/div><span class=\"wpcf7-form-control-wrap zl-form-control-wrap multilinefile-822\"><input size=\"40\" class=\"wpcf7-form-control wpcf7-multilinefile\" multiple=\"multiple\" value=\"Do\u0142\u0105cz plik\" aria-invalid=\"false\" type=\"file\" name=\"multilinefile-822[]\" \/> <span class=\"mfcf7-zl-multifile-name\"><\/span><a href=\"javascript:void(0);\" class=\"mfcf7_zl_delete_file\"><span class=\"delete-file\" aria-hidden=\"true\">&#x274C;<\/span><\/a><\/span><p><label><span class=\"wpcf7-form-control-wrap\" data-name=\"multilinefile-822-zl-mfcf7-upld-btn\"><input type=\"button\" name=\"multilinefile-822-zl-mfcf7-upld-btn\" class=\"button button-primary qbutton\" id=\"mfcf7_zl_add_file\" value=\"Attach file\"><\/span><\/label><\/p><\/label>\n<\/p>\n<p><input class=\"wpcf7-form-control wpcf7-submit has-spinner\" type=\"submit\" value=\"Send\" \/>\n<\/p><div class=\"wpcf7-response-output\" aria-hidden=\"true\"><\/div>\n<input type=\"hidden\" name=\"trp-form-language\" value=\"en\"\/><\/form>\n<\/div>\n\n<\/div>\n\n\n\n<div class=\"wp-block-column is-layout-flow wp-block-column-is-layout-flow\" style=\"flex-basis:25%\"><\/div>\n<\/div>\n\n\n\n<p><\/p>","protected":false},"excerpt":{"rendered":"<p>Je\u015bli chcesz zleci\u0107\u00a0malowanie figurek do gier, skontaktuj si\u0119 ze mn\u0105 za pomoc\u0105 poni\u017cszego formularza. Podaj ilo\u015b\u0107, wielko\u015b\u0107 oraz nazwy figurek.<\/p>\n<p><a href=\"https:\/\/noocnikpaints.com\/en\/kontakt\/\" class=\"more-link\">Continue reading<span class=\"screen-reader-text\">Contact me<\/span><\/a><\/p>","protected":false},"author":1,"featured_media":0,"parent":0,"menu_order":0,"comment_status":"closed","ping_status":"closed","template":"","meta":{"pgc_sgb_lightbox_settings":"","footnotes":""},"class_list":["post-34","page","type-page","status-publish","hentry"],"aioseo_notices":[],"jetpack-related-posts":[{"id":2875,"url":"https:\/\/noocnikpaints.com\/en\/","url_meta":{"origin":34,"position":0},"title":"Custom Miniature Painting","author":"noocnikpaints","date":"19 April 2024","format":false,"excerpt":"Witaj! Jestem \u0141ukasz, malowanie figurek jest moj\u0105 pasj\u0105, kt\u00f3r\u0105 od 2016 roku zajmuj\u0119 si\u0119 profesjonalnie. Je\u015bli szukasz wyj\u0105tkowej us\u0142ugi, kt\u00f3ra o\u017cywi Twoich ulubionych bohater\u00f3w z gier planszowych, bitewnych czy fantasy, to znalaz\u0142e\u015b si\u0119 we w\u0142a\u015bciwym miejscu. Jako do\u015bwiadczony artysta specjalizuj\u0105cy si\u0119 w malowaniu figurek w ka\u017cdej skali i tematyce, oferuj\u0119\u2026","rel":"","context":"Similar post","block_context":{"text":"Similar post","link":""},"img":{"alt_text":"","src":"https:\/\/i0.wp.com\/noocnikpaints.com\/wp-content\/uploads\/2022\/02\/IMG_20210910_105643_797.jpg?resize=350%2C200&ssl=1","width":350,"height":200,"srcset":"https:\/\/i0.wp.com\/noocnikpaints.com\/wp-content\/uploads\/2022\/02\/IMG_20210910_105643_797.jpg?resize=350%2C200&ssl=1 1x, https:\/\/i0.wp.com\/noocnikpaints.com\/wp-content\/uploads\/2022\/02\/IMG_20210910_105643_797.jpg?resize=525%2C300&ssl=1 1.5x, https:\/\/i0.wp.com\/noocnikpaints.com\/wp-content\/uploads\/2022\/02\/IMG_20210910_105643_797.jpg?resize=700%2C400&ssl=1 2x"},"classes":[]},{"id":18,"url":"https:\/\/noocnikpaints.com\/en\/kim-jestem\/","url_meta":{"origin":34,"position":1},"title":"About me","author":"noocnikpaints","date":"3 October 2021","format":false,"excerpt":"Witaj! Jestem \u0141ukasz. Malowanie figurek do gier bitewnych i planszowych to moja pasja, w kt\u00f3rej od 2016 roku dzia\u0142am profesjonalnie. W ci\u0105gu tych lat moje umiej\u0119tno\u015bci i warsztat znacz\u0105co si\u0119 rozwin\u0119\u0142y, co pozwala mi tworzy\u0107 wyj\u0105tkowe dzie\u0142a. Je\u017celi brakuje Ci czasu lub zapa\u0142u, aby samodzielnie pomalowa\u0107 figurki do ulubionych gier,\u2026","rel":"","context":"Similar post","block_context":{"text":"Similar post","link":""},"img":{"alt_text":"","src":"https:\/\/i0.wp.com\/noocnikpaints.com\/wp-content\/uploads\/2022\/02\/IMG_20210910_105643_797.jpg?resize=350%2C200&ssl=1","width":350,"height":200,"srcset":"https:\/\/i0.wp.com\/noocnikpaints.com\/wp-content\/uploads\/2022\/02\/IMG_20210910_105643_797.jpg?resize=350%2C200&ssl=1 1x, https:\/\/i0.wp.com\/noocnikpaints.com\/wp-content\/uploads\/2022\/02\/IMG_20210910_105643_797.jpg?resize=525%2C300&ssl=1 1.5x, https:\/\/i0.wp.com\/noocnikpaints.com\/wp-content\/uploads\/2022\/02\/IMG_20210910_105643_797.jpg?resize=700%2C400&ssl=1 2x"},"classes":[]},{"id":127,"url":"https:\/\/noocnikpaints.com\/en\/jak-wyglada-wspolpraca-ze-mna\/","url_meta":{"origin":34,"position":2},"title":"What does working with me look like?","author":"noocnikpaints","date":"14 December 2021","format":false,"excerpt":"Na pewno masz wiele pyta\u0144 zwi\u0105zanych z tym, jak wygl\u0105da proces wsp\u00f3\u0142pracy ze mn\u0105, jako Twoim \"Nadwornym malarzem\" lub \"P\u0119dzlem do wynaj\u0119cia\" (jak kto woli :)). Postaram si\u0119 zatem pokr\u00f3tce om\u00f3wi\u0107 tutaj krok po kroku ca\u0142y proces - od zapytania, a\u017c po odbi\u00f3r pomalowanych figurek: 1. Zapytanie Na tym etapie\u2026","rel":"","context":"Similar post","block_context":{"text":"Similar post","link":""},"img":{"alt_text":"","src":"https:\/\/i0.wp.com\/noocnikpaints.com\/wp-content\/uploads\/2022\/02\/IMG_20210620_004432-01-edited-2.jpeg?resize=350%2C200&ssl=1","width":350,"height":200,"srcset":"https:\/\/i0.wp.com\/noocnikpaints.com\/wp-content\/uploads\/2022\/02\/IMG_20210620_004432-01-edited-2.jpeg?resize=350%2C200&ssl=1 1x, https:\/\/i0.wp.com\/noocnikpaints.com\/wp-content\/uploads\/2022\/02\/IMG_20210620_004432-01-edited-2.jpeg?resize=525%2C300&ssl=1 1.5x, https:\/\/i0.wp.com\/noocnikpaints.com\/wp-content\/uploads\/2022\/02\/IMG_20210620_004432-01-edited-2.jpeg?resize=700%2C400&ssl=1 2x, https:\/\/i0.wp.com\/noocnikpaints.com\/wp-content\/uploads\/2022\/02\/IMG_20210620_004432-01-edited-2.jpeg?resize=1050%2C600&ssl=1 3x"},"classes":[]},{"id":24,"url":"https:\/\/noocnikpaints.com\/en\/cennik\/","url_meta":{"origin":34,"position":3},"title":"Pricing","author":"noocnikpaints","date":"3 October 2021","format":false,"excerpt":"Poni\u017cej znajduje si\u0119 orientacyjny cennik us\u0142ug: Rozmiar figurkiPodstawowyTabletop plusProfesjonalnyFigurki (ma\u0142e) z podstawkami 25 mm25 z\u0142 \/ szt.40 z\u0142 \/ szt. 89 z\u0142 \/ szt. Figurki z podstawkami 25 - 32 mm35 z\u0142 \/ szt. 60 z\u0142 \/ szt. 120 z\u0142 \/ szt. Figurki (weterani HQ) z podstawkami 40 - 50\u2026","rel":"","context":"Similar post","block_context":{"text":"Similar post","link":""},"img":{"alt_text":"","src":"https:\/\/i0.wp.com\/noocnikpaints.com\/wp-content\/uploads\/2022\/02\/IMG_20210725_141618-01-edited.jpeg?resize=350%2C200&ssl=1","width":350,"height":200,"srcset":"https:\/\/i0.wp.com\/noocnikpaints.com\/wp-content\/uploads\/2022\/02\/IMG_20210725_141618-01-edited.jpeg?resize=350%2C200&ssl=1 1x, https:\/\/i0.wp.com\/noocnikpaints.com\/wp-content\/uploads\/2022\/02\/IMG_20210725_141618-01-edited.jpeg?resize=525%2C300&ssl=1 1.5x, https:\/\/i0.wp.com\/noocnikpaints.com\/wp-content\/uploads\/2022\/02\/IMG_20210725_141618-01-edited.jpeg?resize=700%2C400&ssl=1 2x"},"classes":[]}],"jetpack_sharing_enabled":true,"_links":{"self":[{"href":"https:\/\/noocnikpaints.com\/en\/wp-json\/wp\/v2\/pages\/34","targetHints":{"allow":["GET"]}}],"collection":[{"href":"https:\/\/noocnikpaints.com\/en\/wp-json\/wp\/v2\/pages"}],"about":[{"href":"https:\/\/noocnikpaints.com\/en\/wp-json\/wp\/v2\/types\/page"}],"author":[{"embeddable":true,"href":"https:\/\/noocnikpaints.com\/en\/wp-json\/wp\/v2\/users\/1"}],"replies":[{"embeddable":true,"href":"https:\/\/noocnikpaints.com\/en\/wp-json\/wp\/v2\/comments?post=34"}],"version-history":[{"count":5,"href":"https:\/\/noocnikpaints.com\/en\/wp-json\/wp\/v2\/pages\/34\/revisions"}],"predecessor-version":[{"id":2656,"href":"https:\/\/noocnikpaints.com\/en\/wp-json\/wp\/v2\/pages\/34\/revisions\/2656"}],"wp:attachment":[{"href":"https:\/\/noocnikpaints.com\/en\/wp-json\/wp\/v2\/media?parent=34"}],"curies":[{"name":"wp","href":"https:\/\/api.w.org\/{rel}","templated":true}]}}